{"id":129,"date":"2019-04-18T14:04:27","date_gmt":"2019-04-18T12:04:27","guid":{"rendered":"http:\/\/www.lesdeuxtourssiorac.fr\/?page_id=129"},"modified":"2025-02-06T10:03:04","modified_gmt":"2025-02-06T09:03:04","slug":"kadisha","status":"publish","type":"page","link":"http:\/\/lesdeuxtourssiorac.fr\/en\/chambres\/kadisha\/","title":{"rendered":"Kadisha"},"content":{"rendered":"<p><section id=\"bt_section69f271ec6f170\"  class=\"boldSection inherit\" ><div class=\"port\"><div class=\"boldCell\"><div class=\"boldCellInner\"><div class=\"boldRow\" ><div class=\"boldRowInner\"><div class=\"rowItem col-md-12 col-ms-12  btTextLeft\"  data-width=\"12\"><div class=\"rowItemContent\" ><div class=\"rowItemContentInner\"><div class=\"slided autoSliderHeight btCarouselSmallNav\"  data-slick='{\"autoplay\":true,\"autoplaySpeed\":5000,\"pauseOnHover\":false,\"pauseOnDotsHover\":true}'data-simple_arrows=\"yes\"><div class=\"slidedItem firstItem\"  data-thumb=\"https:\/\/lesdeuxtourssiorac.fr\/wp-content\/uploads\/2021\/06\/room-slider-kadisha-1-320x147.jpg\"><div class=\"btSliderPort wBackground cover\" style=\"background-image: url('https:\/\/lesdeuxtourssiorac.fr\/wp-content\/uploads\/2021\/06\/room-slider-kadisha-1.jpg')\"><div class=\"btSliderCell\" data-slick=\"yes\"><div class=\"btSlideGutter\"><div class=\"btSlidePane\"><div class=\"boldRow\" ><div class=\"boldRowInner\"><div class=\"rowItem rowInnerItem col-ms-6  btTextLeft\"  ><div class=\"rowItemContent\"><div class=\"rowItemContentInner\"><div class=\"btClear btSeparator topExtraSpaced noBorder\" ><hr><\/div><div class=\"btClear btSeparator topExtraSpaced noBorder\" ><hr><\/div><div class=\"btClear btSeparator topExtraSpaced noBorder\" ><hr><\/div><div class=\"btClear btSeparator topExtraSpaced noBorder\" ><hr><\/div><div class=\"btClear btSeparator topExtraSpaced noBorder\" ><hr><\/div><\/div><\/div><\/div><div class=\"rowItem rowInnerItem col-ms-6  btTextLeft\"  ><div class=\"rowItemContent\"><div class=\"rowItemContentInner\"><\/div><\/div><\/div><\/div><\/div><\/div><\/div><\/div><\/div><\/div><div class=\"slidedItem firstItem\"  data-thumb=\"https:\/\/lesdeuxtourssiorac.fr\/wp-content\/uploads\/2021\/06\/room-slider-kadisha-2-320x147.jpg\"><div class=\"btSliderPort wBackground cover\" style=\"background-image: url('https:\/\/lesdeuxtourssiorac.fr\/wp-content\/uploads\/2021\/06\/room-slider-kadisha-2.jpg')\"><div class=\"btSliderCell\" data-slick=\"yes\"><div class=\"btSlideGutter\"><div class=\"btSlidePane\"><div class=\"boldRow\" ><div class=\"boldRowInner\"><div class=\"rowItem rowInnerItem col-ms-6  btTextLeft\"  ><div class=\"rowItemContent\"><div class=\"rowItemContentInner\"><div class=\"btClear btSeparator topExtraSpaced noBorder\" ><hr><\/div><div class=\"btClear btSeparator topExtraSpaced noBorder\" ><hr><\/div><div class=\"btClear btSeparator topExtraSpaced noBorder\" ><hr><\/div><div class=\"btClear btSeparator topExtraSpaced noBorder\" ><hr><\/div><div class=\"btClear btSeparator topExtraSpaced noBorder\" ><hr><\/div><\/div><\/div><\/div><div class=\"rowItem rowInnerItem col-ms-6  btTextLeft\"  ><div class=\"rowItemContent\"><div class=\"rowItemContentInner\"><\/div><\/div><\/div><\/div><\/div><\/div><\/div><\/div><\/div><\/div><div class=\"slidedItem firstItem\"  data-thumb=\"https:\/\/lesdeuxtourssiorac.fr\/wp-content\/uploads\/2021\/06\/room-slider-kadisha-3-320x147.jpg\"><div class=\"btSliderPort wBackground cover\" style=\"background-image: url('https:\/\/lesdeuxtourssiorac.fr\/wp-content\/uploads\/2021\/06\/room-slider-kadisha-3.jpg')\"><div class=\"btSliderCell\" data-slick=\"yes\"><div class=\"btSlideGutter\"><div class=\"btSlidePane\"><div class=\"boldRow\" ><div class=\"boldRowInner\"><div class=\"rowItem rowInnerItem col-ms-6  btTextLeft\"  ><div class=\"rowItemContent\"><div class=\"rowItemContentInner\"><div class=\"btClear btSeparator topExtraSpaced noBorder\" ><hr><\/div><div class=\"btClear btSeparator topExtraSpaced noBorder\" ><hr><\/div><div class=\"btClear btSeparator topExtraSpaced noBorder\" ><hr><\/div><div class=\"btClear btSeparator topExtraSpaced noBorder\" ><hr><\/div><div class=\"btClear btSeparator topExtraSpaced noBorder\" ><hr><\/div><\/div><\/div><\/div><div class=\"rowItem rowInnerItem col-ms-6  btTextLeft\"  ><div class=\"rowItemContent\"><div class=\"rowItemContentInner\"><\/div><\/div><\/div><\/div><\/div><\/div><\/div><\/div><\/div><\/div><div class=\"slidedItem firstItem\"  data-thumb=\"https:\/\/lesdeuxtourssiorac.fr\/wp-content\/uploads\/2021\/06\/room-slider-kadisha-4-320x147.jpg\"><div class=\"btSliderPort wBackground cover\" style=\"background-image: url('https:\/\/lesdeuxtourssiorac.fr\/wp-content\/uploads\/2021\/06\/room-slider-kadisha-4.jpg')\"><div class=\"btSliderCell\" data-slick=\"yes\"><div class=\"btSlideGutter\"><div class=\"btSlidePane\"><div class=\"boldRow\" ><div class=\"boldRowInner\"><div class=\"rowItem rowInnerItem col-ms-6  btTextLeft\"  ><div class=\"rowItemContent\"><div class=\"rowItemContentInner\"><div class=\"btClear btSeparator topExtraSpaced noBorder\" ><hr><\/div><div class=\"btClear btSeparator topExtraSpaced noBorder\" ><hr><\/div><div class=\"btClear btSeparator topExtraSpaced noBorder\" ><hr><\/div><div class=\"btClear btSeparator topExtraSpaced noBorder\" ><hr><\/div><div class=\"btClear btSeparator topExtraSpaced noBorder\" ><hr><\/div><\/div><\/div><\/div><div class=\"rowItem rowInnerItem col-ms-6  btTextLeft\"  ><div class=\"rowItemContent\"><div class=\"rowItemContentInner\"><\/div><\/div><\/div><\/div><\/div><\/div><\/div><\/div><\/div><\/div><div class=\"slidedItem firstItem\"  data-thumb=\"https:\/\/lesdeuxtourssiorac.fr\/wp-content\/uploads\/2021\/06\/room-slider-kadisha-5-320x147.jpg\"><div class=\"btSliderPort wBackground cover\" style=\"background-image: url('https:\/\/lesdeuxtourssiorac.fr\/wp-content\/uploads\/2021\/06\/room-slider-kadisha-5.jpg')\"><div class=\"btSliderCell\" data-slick=\"yes\"><div class=\"btSlideGutter\"><div class=\"btSlidePane\"><div class=\"boldRow\" ><div class=\"boldRowInner\"><div class=\"rowItem rowInnerItem col-ms-6  btTextLeft\"  ><div class=\"rowItemContent\"><div class=\"rowItemContentInner\"><div class=\"btClear btSeparator topExtraSpaced noBorder\" ><hr><\/div><div class=\"btClear btSeparator topExtraSpaced noBorder\" ><hr><\/div><div class=\"btClear btSeparator topExtraSpaced noBorder\" ><hr><\/div><div class=\"btClear btSeparator topExtraSpaced noBorder\" ><hr><\/div><div class=\"btClear btSeparator topExtraSpaced noBorder\" ><hr><\/div><\/div><\/div><\/div><div class=\"rowItem rowInnerItem col-ms-6  btTextLeft\"  ><div class=\"rowItemContent\"><div class=\"rowItemContentInner\"><\/div><\/div><\/div><\/div><\/div><\/div><\/div><\/div><\/div><\/div><div class=\"slidedItem firstItem\"  data-thumb=\"https:\/\/lesdeuxtourssiorac.fr\/wp-content\/uploads\/2021\/06\/room-slider-kadisha-6-320x147.jpg\"><div class=\"btSliderPort wBackground cover\" style=\"background-image: url('https:\/\/lesdeuxtourssiorac.fr\/wp-content\/uploads\/2021\/06\/room-slider-kadisha-6.jpg')\"><div class=\"btSliderCell\" data-slick=\"yes\"><div class=\"btSlideGutter\"><div class=\"btSlidePane\"><div class=\"boldRow\" ><div class=\"boldRowInner\"><div class=\"rowItem rowInnerItem col-ms-6  btTextLeft\"  ><div class=\"rowItemContent\"><div class=\"rowItemContentInner\"><div class=\"btClear btSeparator topExtraSpaced noBorder\" ><hr><\/div><div class=\"btClear btSeparator topExtraSpaced noBorder\" ><hr><\/div><div class=\"btClear btSeparator topExtraSpaced noBorder\" ><hr><\/div><div class=\"btClear btSeparator topExtraSpaced noBorder\" ><hr><\/div><div class=\"btClear btSeparator topExtraSpaced noBorder\" ><hr><\/div><\/div><\/div><\/div><div class=\"rowItem rowInnerItem col-ms-6  btTextLeft\"  ><div class=\"rowItemContent\"><div class=\"rowItemContentInner\"><\/div><\/div><\/div><\/div><\/div><\/div><\/div><\/div><\/div><\/div><div class=\"slidedItem firstItem\"  data-thumb=\"https:\/\/lesdeuxtourssiorac.fr\/wp-content\/uploads\/2021\/06\/room-slider-kadisha-7-320x147.jpg\"><div class=\"btSliderPort wBackground cover\" style=\"background-image: url('https:\/\/lesdeuxtourssiorac.fr\/wp-content\/uploads\/2021\/06\/room-slider-kadisha-7.jpg')\"><div class=\"btSliderCell\" data-slick=\"yes\"><div class=\"btSlideGutter\"><div class=\"btSlidePane\"><div class=\"boldRow\" ><div class=\"boldRowInner\"><div class=\"rowItem rowInnerItem col-ms-6  btTextLeft\"  ><div class=\"rowItemContent\"><div class=\"rowItemContentInner\"><div class=\"btClear btSeparator topExtraSpaced noBorder\" ><hr><\/div><div class=\"btClear btSeparator topExtraSpaced noBorder\" ><hr><\/div><div class=\"btClear btSeparator topExtraSpaced noBorder\" ><hr><\/div><div class=\"btClear btSeparator topExtraSpaced noBorder\" ><hr><\/div><div class=\"btClear btSeparator topExtraSpaced noBorder\" ><hr><\/div><\/div><\/div><\/div><div class=\"rowItem rowInnerItem col-ms-6  btTextLeft\"  ><div class=\"rowItemContent\"><div class=\"rowItemContentInner\"><\/div><\/div><\/div><\/div><\/div><\/div><\/div><\/div><\/div><\/div><\/div><\/div><\/div><\/div><\/div><\/div><\/div><\/div><\/div><\/section><section id=\"bt_section69f271ec71514\"  class=\"boldSection topSpaced bottomExtraSmallSpaced gutter inherit\" ><div class=\"port\"><div class=\"boldCell\"><div class=\"boldCellInner\"><div class=\"boldRow\" ><div class=\"boldRowInner\"><div class=\"rowItem col-md-4 col-ms-12 btTextLeft btMiddleVertical\"  data-width=\"4\"><div class=\"rowItemContent\" ><div class=\"rowItemContentInner\"><header class=\"header btClear extralarge btDash topDash  btHeadlineAccentColor btBottomDashDefaultColor\" ><div class=\"dash\"><div class=\"btSuperTitle\"><span>Kadisha room<\/span><\/div><h1><span class=\"headline\">Les Deux Tours<\/span><\/h1><\/div><\/header><\/div><\/div><\/div><div class=\"rowItem col-md-8 col-ms-12 btTextLeft btMiddleVertical\"  data-width=\"8\"><div class=\"rowItemContent\" ><div class=\"rowItemContentInner\"><\/div><\/div><\/div><\/div><\/div><\/div><\/div><\/div><\/section><section id=\"bt_section69f271ec71764\"  class=\"boldSection bottomSpaced gutter inherit\" ><div class=\"port\"><div class=\"boldCell\"><div class=\"boldCellInner\"><div class=\"boldRow\" ><div class=\"boldRowInner\"><div class=\"rowItem col-md-8 col-ms-12 btTextLeft inherit\"  data-width=\"8\"><div class=\"rowItemContent\" ><div class=\"rowItemContentInner\"><div class=\"boldRow\" ><div class=\"boldRowInner\"><div class=\"rowItem rowInnerItem col-ms-12  btTextLeft inherit btTextIndent\"  ><div class=\"rowItemContent\"><div class=\"rowItemContentInner\"><div class=\"btText\" ><\/p>\n<p>Cette grande chambre, d\u2019une superficie de 20 m\u00b2, est accessible \u00e0 des personnes \u00e0 mobilit\u00e9 r\u00e9duite. R\u00e9cemment r\u00e9nov\u00e9e, climatis\u00e9e, elle est d\u00e9cor\u00e9e d\u2019objets, de tissus et de tableaux d\u2019artistes libanais et syriens et propose un lit en 160.<\/p>\n<p>Located on the ground floor, with its own entrance, this very bright room opens onto the garden.<\/p>\n<p>The large bathroom is equipped with a sink, a shower, and toilet adapted.<\/p>\n<p>Our rooms and our house are a non smoking area. Animals are not allowed. Parking arranged.<\/p>\n<p>Arrivals are between 15h and 20h, the rooms must be released for 11h when you leave.<\/p>\n<p>Linge de maison et serviettes de piscine fournis. Le jardin d\u2019agr\u00e9ment vous offrira coins et recoins de tranquillit\u00e9 sur 2700 m\u00b2 avec une table de tennis de table.<\/p>\n<p>Une grande biblioth\u00e8que (BD, polars, romans, beaux livres&#8230;) est \u00e0 votre disposition.<\/p>\n<p>Themed stays can be organized on request (special price conditions) :<\/p>\n<p>- writing workshops led by Annick (graduate trainer)<br \/>\n- themed walks on the many hiking trails (including GR 36) with Vincent for a guide (ex: wild orchids exit limestone hills, discovery of local flora, mushrooms...)<br \/>\n- discovery of the vineyards of Bergerac, Domme, Saint Cyprien with Vincent president of the Club \u0152nologie Sioracois<\/p>\n<p>\n<\/div><div class=\"btClear btSeparator bottomSemiSpaced noBorder\" ><hr><\/div><\/div><\/div><\/div><\/div><\/div><div class=\"tilesWall btGridGallery tiled  btGridGap-1\" data-col=\"6\"><div class=\"gridSizer\"><\/div><\/div><\/div><\/div><\/div><div class=\"rowItem col-md-4 col-ms-12 btTextLeft inherit\"  data-width=\"4\"><div class=\"rowItemContent\" ><div class=\"rowItemContentInner\"><div class=\"btIconImageRow\" ><div class=\"bpgPhoto\" ><div class = \"btImage\"><img decoding=\"async\" src=\"https:\/\/lesdeuxtourssiorac.fr\/wp-content\/uploads\/2025\/02\/logos-kadisha.jpg\" alt=\"\" ><\/div><\/div><\/div><div class=\"btClear btSeparator topSmallSpaced noBorder\" ><hr><\/div><div class=\"bpgPhoto\"  style=\"width: 38px; margin: -18px auto auto 20px; position: absolute; z-index: 1;\"><div class = \"btImage\"><img decoding=\"async\" src=\"\" alt=\"\" ><\/div><\/div><div class=\"boldRow\" ><div class=\"boldRowInner\"><div class=\"rowItem rowInnerItem col-ms-12  btTextLeft btHighlight inherit btTextIndent\"  ><div class=\"rowItemContent\"><div class=\"rowItemContentInner\"><div class=\"btClear btSeparator topSemiSpaced noBorder\" ><hr><\/div><header class=\"header btClear medium  btHeadlineDefaultColor btBottomDashDefaultColor\" ><div class=\"dash\"><h3><span class=\"headline\">Amenities<\/span><\/h3><\/div><\/header><div class=\"btClear btSeparator topExtraSmallSpaced noBorder\" ><hr><\/div><div class=\"btIconImageRow\" ><span class=\"btIco btIcoDefaultType btIcoMediumSize btIcoAccentColor\"><span  data-ico-cs=\"&#xea53;\" class=\"btIcoHolder\"><\/span><\/span><span class=\"btIco btIcoDefaultType btIcoMediumSize btIcoAccentColor\"><span  data-ico-cs=\"&#xea19;\" class=\"btIcoHolder\"><\/span><\/span><span class=\"btIco btIcoDefaultType btIcoMediumSize btIcoAccentColor\"><span  data-ico-cs=\"&#xea2c;\" class=\"btIcoHolder\"><\/span><\/span><span class=\"btIco btIcoDefaultType btIcoMediumSize btIcoAccentColor\"><span  data-ico-cs=\"&#xea1c;\" class=\"btIcoHolder\"><\/span><\/span><span class=\"btIco btIcoDefaultType btIcoMediumSize btIcoAccentColor\"><span  data-ico-s7=\"&#xe6bb;\" class=\"btIcoHolder\"><\/span><\/span><span class=\"btIco btIcoDefaultType btIcoMediumSize btIcoAccentColor\"><span  data-ico-s7=\"&#xe68e;\" class=\"btIcoHolder\"><\/span><\/span><\/div><div class=\"btClear btSeparator topSmallSpaced bottomSmallSpaced border\" ><hr><\/div><div class=\"btText\" ><\/p>\n<p>Area : 25m\u00b2<br \/>\nView : Dordogne Valley<br \/>\nGuest(s) : Maximum 2<\/p>\n<p>\n<\/div><div class=\"btClear btSeparator topSmallSpaced noBorder\" ><hr><\/div><\/div><\/div><\/div><\/div><\/div><div class=\"btClear btSeparator topSmallSpaced bottomExtraSmallSpaced noBorder\" ><hr><\/div><div class=\"boldRow\" ><div class=\"boldRowInner\"><div class=\"rowItem rowInnerItem col-ms-6  btTextCenter btMiddleVertical\"  ><div class=\"rowItemContent\"><div class=\"rowItemContentInner\"><a href=\"..\/..\/tarifs\/kadisha\" class=\"btBtn btBtn btnFilledStyle btnAccentColor btnMedium btnFullWidth btnRightPosition btnNoIcon\" ><span class=\"btnInnerText\">PRICES<\/span><\/a><\/div><\/div><\/div><div class=\"rowItem rowInnerItem col-ms-6  btTextLeft btMiddleVertical\"  ><div class=\"rowItemContent\"><div class=\"rowItemContentInner\"><header class=\"header btClear medium  btHeadlineAccentColor btBottomDashDefaultColor\" ><div class=\"dash\"><div class=\"btSuperTitle\"><span>FROM<\/span><\/div><h3><span class=\"headline\">\u20ac72 \/ night<\/span><\/h3><\/div><\/header><\/div><\/div><\/div><\/div><\/div><div class=\"btClear btSeparator topSmallSpaced noBorder\" ><hr><\/div><div class=\"boldRow\" ><div class=\"boldRowInner\"><div class=\"rowItem rowInnerItem col-ms-12  btTextLeft btHighlight inherit btTextIndent\"  ><div class=\"rowItemContent\"><div class=\"rowItemContentInner\"><div class=\"btCustomMenu\" ><div class=\"menu-bedrooms-menu-container\"><ul id=\"menu-bedrooms-menu\" class=\"menu\"><li id=\"menu-item-173\" class=\"menu-item menu-item-type-post_type menu-item-object-page menu-item-173\"><a href=\"http:\/\/lesdeuxtourssiorac.fr\/en\/chambres\/azemmour\/\">Azemmour (Morocco)<\/a><\/li><li id=\"menu-item-174\" class=\"menu-item menu-item-type-post_type menu-item-object-page menu-item-174\"><a href=\"http:\/\/lesdeuxtourssiorac.fr\/en\/chambres\/kadisha\/\">Kadisha (Lebanon &amp; Syria)<\/a><\/li><li id=\"menu-item-176\" class=\"menu-item menu-item-type-post_type menu-item-object-page menu-item-176\"><a href=\"http:\/\/lesdeuxtourssiorac.fr\/en\/chambres\/pondichery\/\">Pondichery (India)<\/a><\/li>\n<\/ul><\/div><\/div><\/div><\/div><\/div><\/div><\/div><\/div><\/div><\/div><\/div><\/div><\/div><\/div><\/div><\/section><\/p>","protected":false},"excerpt":{"rendered":"","protected":false},"author":1,"featured_media":0,"parent":82,"menu_order":0,"comment_status":"closed","ping_status":"closed","template":"","meta":{"footnotes":""},"class_list":["post-129","page","type-page","status-publish","hentry"],"yoast_head":"<!-- This site is optimized with the Yoast SEO plugin v27.5 - https:\/\/yoast.com\/product\/yoast-seo-wordpress\/ -->\n<title>Kadisha - Les Deux Tours<\/title>\n<meta name=\"robots\" content=\"noindex, nofollow\" \/>\n<meta property=\"og:locale\" content=\"en_GB\" \/>\n<meta property=\"og:type\" content=\"article\" \/>\n<meta property=\"og:title\" content=\"Kadisha - Les Deux Tours\" \/>\n<meta property=\"og:url\" content=\"https:\/\/lesdeuxtourssiorac.fr\/en\/chambres\/kadisha\/\" \/>\n<meta property=\"og:site_name\" content=\"Les Deux Tours\" \/>\n<meta property=\"article:modified_time\" content=\"2025-02-06T09:03:04+00:00\" \/>\n<meta name=\"twitter:card\" content=\"summary_large_image\" \/>\n<meta name=\"twitter:label1\" content=\"Estimated reading time\" \/>\n\t<meta name=\"twitter:data1\" content=\"2 minutes\" \/>\n<script type=\"application\/ld+json\" class=\"yoast-schema-graph\">{\"@context\":\"https:\\\/\\\/schema.org\",\"@graph\":[{\"@type\":\"WebPage\",\"@id\":\"https:\\\/\\\/lesdeuxtourssiorac.fr\\\/chambres\\\/kadisha\\\/\",\"url\":\"https:\\\/\\\/lesdeuxtourssiorac.fr\\\/chambres\\\/kadisha\\\/\",\"name\":\"Kadisha - Les Deux Tours\",\"isPartOf\":{\"@id\":\"https:\\\/\\\/lesdeuxtourssiorac.fr\\\/#website\"},\"datePublished\":\"2019-04-18T12:04:27+00:00\",\"dateModified\":\"2025-02-06T09:03:04+00:00\",\"breadcrumb\":{\"@id\":\"https:\\\/\\\/lesdeuxtourssiorac.fr\\\/chambres\\\/kadisha\\\/#breadcrumb\"},\"inLanguage\":\"en-GB\",\"potentialAction\":[{\"@type\":\"ReadAction\",\"target\":[\"https:\\\/\\\/lesdeuxtourssiorac.fr\\\/chambres\\\/kadisha\\\/\"]}]},{\"@type\":\"BreadcrumbList\",\"@id\":\"https:\\\/\\\/lesdeuxtourssiorac.fr\\\/chambres\\\/kadisha\\\/#breadcrumb\",\"itemListElement\":[{\"@type\":\"ListItem\",\"position\":1,\"name\":\"Accueil\",\"item\":\"https:\\\/\\\/lesdeuxtourssiorac.fr\\\/\"},{\"@type\":\"ListItem\",\"position\":2,\"name\":\"Chambres\",\"item\":\"https:\\\/\\\/lesdeuxtourssiorac.fr\\\/chambres\\\/\"},{\"@type\":\"ListItem\",\"position\":3,\"name\":\"Kadisha\"}]},{\"@type\":\"WebSite\",\"@id\":\"https:\\\/\\\/lesdeuxtourssiorac.fr\\\/#website\",\"url\":\"https:\\\/\\\/lesdeuxtourssiorac.fr\\\/\",\"name\":\"Les Deux Tours\",\"description\":\"Chambres d'h&ocirc;tes\",\"potentialAction\":[{\"@type\":\"SearchAction\",\"target\":{\"@type\":\"EntryPoint\",\"urlTemplate\":\"https:\\\/\\\/lesdeuxtourssiorac.fr\\\/?s={search_term_string}\"},\"query-input\":{\"@type\":\"PropertyValueSpecification\",\"valueRequired\":true,\"valueName\":\"search_term_string\"}}],\"inLanguage\":\"en-GB\"}]}<\/script>\n<!-- \/ Yoast SEO plugin. -->","yoast_head_json":{"title":"Kadisha - Les Deux Tours","robots":{"index":"noindex","follow":"nofollow"},"og_locale":"en_GB","og_type":"article","og_title":"Kadisha - Les Deux Tours","og_url":"https:\/\/lesdeuxtourssiorac.fr\/en\/chambres\/kadisha\/","og_site_name":"Les Deux Tours","article_modified_time":"2025-02-06T09:03:04+00:00","twitter_card":"summary_large_image","twitter_misc":{"Estimated reading time":"2 minutes"},"schema":{"@context":"https:\/\/schema.org","@graph":[{"@type":"WebPage","@id":"https:\/\/lesdeuxtourssiorac.fr\/chambres\/kadisha\/","url":"https:\/\/lesdeuxtourssiorac.fr\/chambres\/kadisha\/","name":"Kadisha - Les Deux Tours","isPartOf":{"@id":"https:\/\/lesdeuxtourssiorac.fr\/#website"},"datePublished":"2019-04-18T12:04:27+00:00","dateModified":"2025-02-06T09:03:04+00:00","breadcrumb":{"@id":"https:\/\/lesdeuxtourssiorac.fr\/chambres\/kadisha\/#breadcrumb"},"inLanguage":"en-GB","potentialAction":[{"@type":"ReadAction","target":["https:\/\/lesdeuxtourssiorac.fr\/chambres\/kadisha\/"]}]},{"@type":"BreadcrumbList","@id":"https:\/\/lesdeuxtourssiorac.fr\/chambres\/kadisha\/#breadcrumb","itemListElement":[{"@type":"ListItem","position":1,"name":"Accueil","item":"https:\/\/lesdeuxtourssiorac.fr\/"},{"@type":"ListItem","position":2,"name":"Chambres","item":"https:\/\/lesdeuxtourssiorac.fr\/chambres\/"},{"@type":"ListItem","position":3,"name":"Kadisha"}]},{"@type":"WebSite","@id":"https:\/\/lesdeuxtourssiorac.fr\/#website","url":"https:\/\/lesdeuxtourssiorac.fr\/","name":"Les Deux Tours","description":"Chambres d'h&ocirc;tes","potentialAction":[{"@type":"SearchAction","target":{"@type":"EntryPoint","urlTemplate":"https:\/\/lesdeuxtourssiorac.fr\/?s={search_term_string}"},"query-input":{"@type":"PropertyValueSpecification","valueRequired":true,"valueName":"search_term_string"}}],"inLanguage":"en-GB"}]}},"_links":{"self":[{"href":"http:\/\/lesdeuxtourssiorac.fr\/en\/wp-json\/wp\/v2\/pages\/129","targetHints":{"allow":["GET"]}}],"collection":[{"href":"http:\/\/lesdeuxtourssiorac.fr\/en\/wp-json\/wp\/v2\/pages"}],"about":[{"href":"http:\/\/lesdeuxtourssiorac.fr\/en\/wp-json\/wp\/v2\/types\/page"}],"author":[{"embeddable":true,"href":"http:\/\/lesdeuxtourssiorac.fr\/en\/wp-json\/wp\/v2\/users\/1"}],"replies":[{"embeddable":true,"href":"http:\/\/lesdeuxtourssiorac.fr\/en\/wp-json\/wp\/v2\/comments?post=129"}],"version-history":[{"count":14,"href":"http:\/\/lesdeuxtourssiorac.fr\/en\/wp-json\/wp\/v2\/pages\/129\/revisions"}],"predecessor-version":[{"id":843,"href":"http:\/\/lesdeuxtourssiorac.fr\/en\/wp-json\/wp\/v2\/pages\/129\/revisions\/843"}],"up":[{"embeddable":true,"href":"http:\/\/lesdeuxtourssiorac.fr\/en\/wp-json\/wp\/v2\/pages\/82"}],"wp:attachment":[{"href":"http:\/\/lesdeuxtourssiorac.fr\/en\/wp-json\/wp\/v2\/media?parent=129"}],"curies":[{"name":"wp","href":"https:\/\/api.w.org\/{rel}","templated":true}]}}