{"id":82,"date":"2019-04-18T13:19:40","date_gmt":"2019-04-18T11:19:40","guid":{"rendered":"http:\/\/www.lesdeuxtourssiorac.fr\/?page_id=82"},"modified":"2025-02-05T14:17:00","modified_gmt":"2025-02-05T13:17:00","slug":"chambres","status":"publish","type":"page","link":"http:\/\/lesdeuxtourssiorac.fr\/en\/chambres\/","title":{"rendered":"Rooms"},"content":{"rendered":"<section id=\"bt_section69e14ba752f79\"  class=\"boldSection topSpaced bottomSemiSpaced gutter inherit\" ><div class=\"port\"><div class=\"boldCell\"><div class=\"boldCellInner\"><div class=\"boldRow\" ><div class=\"boldRowInner\"><div class=\"rowItem col-md-12 col-ms-12  btTextLeft btMiddleVertical\"  data-width=\"12\"><div class=\"rowItemContent\" ><div class=\"rowItemContentInner\"><header class=\"header btClear extralarge btDash bottomDash  btHeadlineAccentColor btBottomDashAccentColor\" ><div class=\"dash\"><div class=\"btSuperTitle\"><span>GUESTS ROOMS<\/span><\/div><h1><span class=\"headline\">LES DEUX TOURS<\/span><\/h1><\/div><div class=\"btSubTitle\">Welcome to your future rental in the heart of the P\u00e9rigord Noir, in Siorac-en-P\u00e9rigord.<br \/><br>Nous vous offrons 2 chambres pour deux personnes avec lit double : Azemmour et Kadisha ainsi qu\u2019une suite pour quatre personnes Pondich\u00e9ry. Chaque chambre avec un plancher en ch\u00eane (pas de moquette) dispose d\u2019une salle de bain moderne. Deux de nos chambres Kadisha et Pondich\u00e9ry sont climatis\u00e9es.<\/p><br><p>The Kadisha room located on the ground floor is equipped for disabled guests and a bed 160. The Pondicherry room upstairs is equipped with a bed 160. A large library (adults and children) is also available. your disposal in the reception room.<\/p><br><p>The breakfasts will be proposed to you in a service created especially by a potter of the black Perigord, from 8:00 to 10:00 in the park, near the swimming pool, or in the library in case of gloomy weather.<\/p><br><p>Being in Siorac, you will enjoy all its shops and services, you can cool off in the splendid private pool. Gourmets will be able to taste the various specialties proposed in the numerous tables of the city and surrounding villages, after having indulged in the activities of leisures proposed within a radius of 20 km.<\/div><\/header><div class=\"btClear btSeparator bottomSemiSpaced noBorder\" ><hr><\/div><\/div><\/div><\/div><\/div><\/div><div class=\"boldRow\" ><div class=\"boldRowInner\"><div class=\"rowItem col-md-4 col-ms-12 btTextLeft\"  data-width=\"4\"><div class=\"rowItemContent\" ><div class=\"rowItemContentInner\"><div class=\"bpgPhoto  btHasComplexContent\" > \r\n\t\t\t\t\t<a href=\"http:\/\/lesdeuxtourssiorac.fr\/en\/chambres\/azemmour\/\" target=\"_self\"><\/a>\r\n\t\t\t\t\t<div class=\"boldPhotoBox\"><div class=\"bpbItem\"><div class = \"btImage\"><img decoding=\"async\" src=\"https:\/\/lesdeuxtourssiorac.fr\/wp-content\/uploads\/2019\/04\/home-room-1.jpg\" alt=\"\" ><\/div><\/div><\/div>\r\n\t\t\t\t\t<div class=\"captionPane btDarkSkin\">\r\n\t\t\t\t\t\t<div class=\"captionTable\">\r\n\t\t\t\t\t\t\t<div class=\"captionCell\">\r\n\t\t\t\t\t\t\t\t<div class=\"captionTxt\"><header class=\"header btClear small btDash topDash  btHeadlineDefaultColor btBottomDashDefaultColor\" ><div class=\"dash\"><h4><span class=\"headline\">Azemmour Room<\/span><\/h4><\/div><\/header><div class=\"btClear btSeparator topExtraSmallSpaced bottomExtraSmallSpaced border\" ><hr><\/div><div class=\"btIconImageRow\" ><span class=\"btIco btIcoDefaultType btIcoMediumSize btIcoDefaultColor\"><span  data-ico-cs=\"&#xea18;\" class=\"btIcoHolder\"><\/span><\/span><span class=\"btIco btIcoDefaultType btIcoMediumSize btIcoDefaultColor\"><span  data-ico-cs=\"&#xe029;\" class=\"btIcoHolder\"><\/span><\/span><span class=\"btIco btIcoDefaultType btIcoMediumSize btIcoDefaultColor\"><span  data-ico-cs=\"&#xea2c;\" class=\"btIcoHolder\"><\/span><\/span><span class=\"btIco btIcoDefaultType btIcoMediumSize btIcoDefaultColor\"><span  data-ico-cs=\"&#xea1c;\" class=\"btIcoHolder\"><\/span><\/span><\/div><\/div>\r\n\t\t\t\t\t\t\t<\/div>\r\n\t\t\t\t\t\t<\/div>\r\n\t\t\t\t\t<\/div><\/div><div class=\"btClear btSeparator topSmallSpaced noBorder\" ><hr><\/div><header class=\"header btClear small btDash topDash  btHeadlineAlternateColor btBottomDashAlternateColor\" ><div class=\"dash\"><div class=\"btSuperTitle\"><span>Les Deux Tours<\/span><\/div><h4><span class=\"headline\">Azemmour Room<\/span><\/h4><\/div><div class=\"btSubTitle\">Chambre pour 2 personnes situ\u00e9e au rez de chauss\u00e9e et est \u00e9quip\u00e9e d\u2019un lit en 140. D\u00e9coration int\u00e9rieure d\u2019inspiration marocaine.<\/div><\/header><div class=\"btClear btSeparator topSmallSpaced noBorder\" ><hr><\/div><\/div><\/div><\/div><div class=\"rowItem col-md-4 col-ms-12 btTextLeft\"  data-width=\"4\"><div class=\"rowItemContent\" ><div class=\"rowItemContentInner\"><div class=\"bpgPhoto  btHasComplexContent\" > \r\n\t\t\t\t\t<a href=\"http:\/\/lesdeuxtourssiorac.fr\/en\/chambres\/kadisha\/\" target=\"_self\"><\/a>\r\n\t\t\t\t\t<div class=\"boldPhotoBox\"><div class=\"bpbItem\"><div class = \"btImage\"><img decoding=\"async\" src=\"https:\/\/lesdeuxtourssiorac.fr\/wp-content\/uploads\/2019\/04\/home-room-2.jpg\" alt=\"\" ><\/div><\/div><\/div>\r\n\t\t\t\t\t<div class=\"captionPane btDarkSkin\">\r\n\t\t\t\t\t\t<div class=\"captionTable\">\r\n\t\t\t\t\t\t\t<div class=\"captionCell\">\r\n\t\t\t\t\t\t\t\t<div class=\"captionTxt\"><header class=\"header btClear small btDash topDash  btHeadlineDefaultColor btBottomDashDefaultColor\" ><div class=\"dash\"><h4><span class=\"headline\">Kadisha room<\/span><\/h4><\/div><\/header><div class=\"btClear btSeparator topExtraSmallSpaced bottomExtraSmallSpaced border\" ><hr><\/div><div class=\"btIconImageRow\" ><span class=\"btIco btIcoDefaultType btIcoMediumSize btIcoDefaultColor\"><span  data-ico-cs=\"&#xea18;\" class=\"btIcoHolder\"><\/span><\/span><span class=\"btIco btIcoDefaultType btIcoMediumSize btIcoDefaultColor\"><span  data-ico-cs=\"&#xe9c5;\" class=\"btIcoHolder\"><\/span><\/span><span class=\"btIco btIcoDefaultType btIcoMediumSize btIcoDefaultColor\"><span  data-ico-cs=\"&#xea1a;\" class=\"btIcoHolder\"><\/span><\/span><span class=\"btIco btIcoDefaultType btIcoMediumSize btIcoDefaultColor\"><span  data-ico-cs=\"&#xea1c;\" class=\"btIcoHolder\"><\/span><\/span><\/div><\/div>\r\n\t\t\t\t\t\t\t<\/div>\r\n\t\t\t\t\t\t<\/div>\r\n\t\t\t\t\t<\/div><\/div><div class=\"btClear btSeparator topSmallSpaced noBorder\" ><hr><\/div><header class=\"header btClear small btDash topDash  btHeadlineAlternateColor btBottomDashAlternateColor\" ><div class=\"dash\"><div class=\"btSuperTitle\"><span>Les Deux Tours<\/span><\/div><h4><span class=\"headline\">Kadisha room<\/span><\/h4><\/div><div class=\"btSubTitle\">Grande chambre de 20 m\u00b2, lit en 160 et est accessible PMR. Enti\u00e8rement r\u00e9nov\u00e9e fin 2017, inspiration libanaise et syrienne.<\/div><\/header><div class=\"btClear btSeparator topSmallSpaced noBorder\" ><hr><\/div><\/div><\/div><\/div><div class=\"rowItem col-md-4 col-ms-12 btTextLeft\"  data-width=\"4\"><div class=\"rowItemContent\" ><div class=\"rowItemContentInner\"><div class=\"bpgPhoto  btHasComplexContent\" > \r\n\t\t\t\t\t<a href=\"http:\/\/lesdeuxtourssiorac.fr\/en\/chambres\/pondichery\/\" target=\"_self\"><\/a>\r\n\t\t\t\t\t<div class=\"boldPhotoBox\"><div class=\"bpbItem\"><div class = \"btImage\"><img decoding=\"async\" src=\"https:\/\/lesdeuxtourssiorac.fr\/wp-content\/uploads\/2019\/04\/home-room-4-320x240.jpg\" alt=\"\" ><\/div><\/div><\/div>\r\n\t\t\t\t\t<div class=\"captionPane btDarkSkin\">\r\n\t\t\t\t\t\t<div class=\"captionTable\">\r\n\t\t\t\t\t\t\t<div class=\"captionCell\">\r\n\t\t\t\t\t\t\t\t<div class=\"captionTxt\"><header class=\"header btClear small btDash topDash  btHeadlineDefaultColor btBottomDashDefaultColor\" ><div class=\"dash\"><h4><span class=\"headline\">Pondichery room<\/span><\/h4><\/div><\/header><div class=\"btClear btSeparator topExtraSmallSpaced bottomExtraSmallSpaced border\" ><hr><\/div><div class=\"btIconImageRow\" ><span class=\"btIco btIcoDefaultType btIcoMediumSize btIcoDefaultColor\"><span  data-ico-cs=\"&#xea18;\" class=\"btIcoHolder\"><\/span><\/span><span class=\"btIco btIcoDefaultType btIcoMediumSize btIcoDefaultColor\"><span  data-ico-ha=\"&#xf14e;\" class=\"btIcoHolder\"><\/span><\/span><span class=\"btIco btIcoDefaultType btIcoMediumSize btIcoDefaultColor\"><span  data-ico-cs=\"&#xea21;\" class=\"btIcoHolder\"><\/span><\/span><span class=\"btIco btIcoDefaultType btIcoMediumSize btIcoDefaultColor\"><span  data-ico-cs=\"&#xea1c;\" class=\"btIcoHolder\"><\/span><\/span><\/div><\/div>\r\n\t\t\t\t\t\t\t<\/div>\r\n\t\t\t\t\t\t<\/div>\r\n\t\t\t\t\t<\/div><\/div><div class=\"btClear btSeparator topSmallSpaced noBorder\" ><hr><\/div><header class=\"header btClear small btDash topDash  btHeadlineAlternateColor btBottomDashAlternateColor\" ><div class=\"dash\"><div class=\"btSuperTitle\"><span>Les Deux Tours<\/span><\/div><h4><span class=\"headline\">Pondichery room<\/span><\/h4><\/div><div class=\"btSubTitle\">D\u00e9cor\u00e9e d\u2019objets d\u2019artisanat indien, suite mansard\u00e9e compos\u00e9e de 2 chambres contigu\u00ebs, situ\u00e9e \u00e0 l\u2019\u00e9tage de la tour.<\/div><\/header><div class=\"btClear btSeparator topSmallSpaced noBorder\" ><hr><\/div><\/div><\/div><\/div><\/div><\/div><div class=\"boldRow\" ><div class=\"boldRowInner\"><div class=\"rowItem col-md-4 col-ms-12 btTextLeft\"  data-width=\"4\"><div class=\"rowItemContent\" ><div class=\"rowItemContentInner\"><div class=\"boldRow\" ><div class=\"boldRowInner\"><div class=\"rowItem rowInnerItem col-ms-12  btTextLeft btMiddleVertical\"  ><div class=\"rowItemContent\"><div class=\"rowItemContentInner\"><a href=\"http:\/\/lesdeuxtourssiorac.fr\/en\/chambres\/azemmour\/\" class=\"btBtn btBtn btnOutlineStyle btnAlternateColor btnSmall btnFullWidth btnLeftPosition btnNoIcon\" ><span class=\"btnInnerText\">DETAILS<\/span><\/a><div class=\"btClear btSeparator topExtraSmallSpaced noBorder\" ><hr><\/div><\/div><\/div><\/div><\/div><\/div><\/div><\/div><\/div><div class=\"rowItem col-md-4 col-ms-12 btTextLeft\"  data-width=\"4\"><div class=\"rowItemContent\" ><div class=\"rowItemContentInner\"><div class=\"boldRow\" ><div class=\"boldRowInner\"><div class=\"rowItem rowInnerItem col-ms-12  btTextLeft btMiddleVertical\"  ><div class=\"rowItemContent\"><div class=\"rowItemContentInner\"><a href=\"http:\/\/lesdeuxtourssiorac.fr\/en\/chambres\/kadisha\/\" class=\"btBtn btBtn btnOutlineStyle btnAlternateColor btnSmall btnFullWidth btnLeftPosition btnNoIcon\" ><span class=\"btnInnerText\">DETAILS<\/span><\/a><div class=\"btClear btSeparator topExtraSmallSpaced noBorder\" ><hr><\/div><\/div><\/div><\/div><\/div><\/div><\/div><\/div><\/div><div class=\"rowItem col-md-4 col-ms-12 btTextLeft\"  data-width=\"4\"><div class=\"rowItemContent\" ><div class=\"rowItemContentInner\"><div class=\"boldRow\" ><div class=\"boldRowInner\"><div class=\"rowItem rowInnerItem col-ms-12  btTextLeft btMiddleVertical\"  ><div class=\"rowItemContent\"><div class=\"rowItemContentInner\"><a href=\"http:\/\/lesdeuxtourssiorac.fr\/en\/chambres\/pondichery\/\" class=\"btBtn btBtn btnOutlineStyle btnAlternateColor btnSmall btnFullWidth btnLeftPosition btnNoIcon\" ><span class=\"btnInnerText\">DETAILS<\/span><\/a><div class=\"btClear btSeparator topExtraSmallSpaced noBorder\" ><hr><\/div><\/div><\/div><\/div><\/div><\/div><\/div><\/div><\/div><\/div><\/div><div class=\"boldRow\" ><div class=\"boldRowInner\"><div class=\"rowItem col-md-12 col-ms-12  btTextLeft\"  data-width=\"12\"><div class=\"rowItemContent\" ><div class=\"rowItemContentInner\"><div class=\"btClear btSeparator topSpaced noBorder\" ><hr><\/div><\/div><\/div><\/div><\/div><\/div><\/div><\/div><\/div><\/section>","protected":false},"excerpt":{"rendered":"","protected":false},"author":1,"featured_media":0,"parent":0,"menu_order":0,"comment_status":"closed","ping_status":"closed","template":"","meta":{"footnotes":""},"class_list":["post-82","page","type-page","status-publish","hentry"],"yoast_head":"<!-- This site is optimized with the Yoast SEO plugin v27.4 - https:\/\/yoast.com\/product\/yoast-seo-wordpress\/ -->\n<title>Chambres - Les Deux Tours<\/title>\n<meta name=\"robots\" content=\"noindex, nofollow\" \/>\n<meta property=\"og:locale\" content=\"en_GB\" \/>\n<meta property=\"og:type\" content=\"article\" \/>\n<meta property=\"og:title\" content=\"Chambres - Les Deux Tours\" \/>\n<meta property=\"og:url\" content=\"https:\/\/lesdeuxtourssiorac.fr\/en\/chambres\/\" \/>\n<meta property=\"og:site_name\" content=\"Les Deux Tours\" \/>\n<meta property=\"article:modified_time\" content=\"2025-02-05T13:17:00+00:00\" \/>\n<meta name=\"twitter:card\" content=\"summary_large_image\" \/>\n<meta name=\"twitter:label1\" content=\"Estimated reading time\" \/>\n\t<meta name=\"twitter:data1\" content=\"3 minutes\" \/>\n<script type=\"application\/ld+json\" class=\"yoast-schema-graph\">{\"@context\":\"https:\\\/\\\/schema.org\",\"@graph\":[{\"@type\":\"WebPage\",\"@id\":\"https:\\\/\\\/lesdeuxtourssiorac.fr\\\/chambres\\\/\",\"url\":\"https:\\\/\\\/lesdeuxtourssiorac.fr\\\/chambres\\\/\",\"name\":\"Chambres - Les Deux Tours\",\"isPartOf\":{\"@id\":\"https:\\\/\\\/lesdeuxtourssiorac.fr\\\/#website\"},\"datePublished\":\"2019-04-18T11:19:40+00:00\",\"dateModified\":\"2025-02-05T13:17:00+00:00\",\"breadcrumb\":{\"@id\":\"https:\\\/\\\/lesdeuxtourssiorac.fr\\\/chambres\\\/#breadcrumb\"},\"inLanguage\":\"en-GB\",\"potentialAction\":[{\"@type\":\"ReadAction\",\"target\":[\"https:\\\/\\\/lesdeuxtourssiorac.fr\\\/chambres\\\/\"]}]},{\"@type\":\"BreadcrumbList\",\"@id\":\"https:\\\/\\\/lesdeuxtourssiorac.fr\\\/chambres\\\/#breadcrumb\",\"itemListElement\":[{\"@type\":\"ListItem\",\"position\":1,\"name\":\"Accueil\",\"item\":\"https:\\\/\\\/lesdeuxtourssiorac.fr\\\/\"},{\"@type\":\"ListItem\",\"position\":2,\"name\":\"Chambres\"}]},{\"@type\":\"WebSite\",\"@id\":\"https:\\\/\\\/lesdeuxtourssiorac.fr\\\/#website\",\"url\":\"https:\\\/\\\/lesdeuxtourssiorac.fr\\\/\",\"name\":\"Les Deux Tours\",\"description\":\"Chambres d'h&ocirc;tes\",\"potentialAction\":[{\"@type\":\"SearchAction\",\"target\":{\"@type\":\"EntryPoint\",\"urlTemplate\":\"https:\\\/\\\/lesdeuxtourssiorac.fr\\\/?s={search_term_string}\"},\"query-input\":{\"@type\":\"PropertyValueSpecification\",\"valueRequired\":true,\"valueName\":\"search_term_string\"}}],\"inLanguage\":\"en-GB\"}]}<\/script>\n<!-- \/ Yoast SEO plugin. -->","yoast_head_json":{"title":"Chambres - Les Deux Tours","robots":{"index":"noindex","follow":"nofollow"},"og_locale":"en_GB","og_type":"article","og_title":"Chambres - Les Deux Tours","og_url":"https:\/\/lesdeuxtourssiorac.fr\/en\/chambres\/","og_site_name":"Les Deux Tours","article_modified_time":"2025-02-05T13:17:00+00:00","twitter_card":"summary_large_image","twitter_misc":{"Estimated reading time":"3 minutes"},"schema":{"@context":"https:\/\/schema.org","@graph":[{"@type":"WebPage","@id":"https:\/\/lesdeuxtourssiorac.fr\/chambres\/","url":"https:\/\/lesdeuxtourssiorac.fr\/chambres\/","name":"Chambres - Les Deux Tours","isPartOf":{"@id":"https:\/\/lesdeuxtourssiorac.fr\/#website"},"datePublished":"2019-04-18T11:19:40+00:00","dateModified":"2025-02-05T13:17:00+00:00","breadcrumb":{"@id":"https:\/\/lesdeuxtourssiorac.fr\/chambres\/#breadcrumb"},"inLanguage":"en-GB","potentialAction":[{"@type":"ReadAction","target":["https:\/\/lesdeuxtourssiorac.fr\/chambres\/"]}]},{"@type":"BreadcrumbList","@id":"https:\/\/lesdeuxtourssiorac.fr\/chambres\/#breadcrumb","itemListElement":[{"@type":"ListItem","position":1,"name":"Accueil","item":"https:\/\/lesdeuxtourssiorac.fr\/"},{"@type":"ListItem","position":2,"name":"Chambres"}]},{"@type":"WebSite","@id":"https:\/\/lesdeuxtourssiorac.fr\/#website","url":"https:\/\/lesdeuxtourssiorac.fr\/","name":"Les Deux Tours","description":"Chambres d'h&ocirc;tes","potentialAction":[{"@type":"SearchAction","target":{"@type":"EntryPoint","urlTemplate":"https:\/\/lesdeuxtourssiorac.fr\/?s={search_term_string}"},"query-input":{"@type":"PropertyValueSpecification","valueRequired":true,"valueName":"search_term_string"}}],"inLanguage":"en-GB"}]}},"_links":{"self":[{"href":"http:\/\/lesdeuxtourssiorac.fr\/en\/wp-json\/wp\/v2\/pages\/82","targetHints":{"allow":["GET"]}}],"collection":[{"href":"http:\/\/lesdeuxtourssiorac.fr\/en\/wp-json\/wp\/v2\/pages"}],"about":[{"href":"http:\/\/lesdeuxtourssiorac.fr\/en\/wp-json\/wp\/v2\/types\/page"}],"author":[{"embeddable":true,"href":"http:\/\/lesdeuxtourssiorac.fr\/en\/wp-json\/wp\/v2\/users\/1"}],"replies":[{"embeddable":true,"href":"http:\/\/lesdeuxtourssiorac.fr\/en\/wp-json\/wp\/v2\/comments?post=82"}],"version-history":[{"count":27,"href":"http:\/\/lesdeuxtourssiorac.fr\/en\/wp-json\/wp\/v2\/pages\/82\/revisions"}],"predecessor-version":[{"id":804,"href":"http:\/\/lesdeuxtourssiorac.fr\/en\/wp-json\/wp\/v2\/pages\/82\/revisions\/804"}],"wp:attachment":[{"href":"http:\/\/lesdeuxtourssiorac.fr\/en\/wp-json\/wp\/v2\/media?parent=82"}],"curies":[{"name":"wp","href":"https:\/\/api.w.org\/{rel}","templated":true}]}}