{"id":135,"date":"2019-04-18T14:10:59","date_gmt":"2019-04-18T12:10:59","guid":{"rendered":"http:\/\/www.lesdeuxtourssiorac.fr\/?page_id=135"},"modified":"2025-02-06T10:03:36","modified_gmt":"2025-02-06T09:03:36","slug":"pondichery","status":"publish","type":"page","link":"http:\/\/lesdeuxtourssiorac.fr\/fr\/chambres\/pondichery\/","title":{"rendered":"Pondichery"},"content":{"rendered":"<p><section id=\"bt_section69f289fe44a8f\"  class=\"boldSection inherit\" ><div class=\"port\"><div class=\"boldCell\"><div class=\"boldCellInner\"><div class=\"boldRow \" ><div class=\"boldRowInner\"><div class=\"rowItem col-md-12 col-ms-12  btTextLeft\"  data-width=\"12\"><div class=\"rowItemContent\" ><div class=\"rowItemContentInner\"><div class=\"slided autoSliderHeight btCarouselSmallNav\"  data-slick='{\"autoplay\":true,\"autoplaySpeed\":5000,\"pauseOnHover\":false,\"pauseOnDotsHover\":true}'data-simple_arrows=\"yes\"><div class=\"slidedItem firstItem\"  data-thumb=\"https:\/\/lesdeuxtourssiorac.fr\/wp-content\/uploads\/2021\/06\/room-slider-pondichery-1-320x147.jpg\"><div class=\"btSliderPort wBackground cover\" style=\"background-image: url('https:\/\/lesdeuxtourssiorac.fr\/wp-content\/uploads\/2021\/06\/room-slider-pondichery-1.jpg')\"><div class=\"btSliderCell\" data-slick=\"yes\"><div class=\"btSlideGutter\"><div class=\"btSlidePane\"><div class=\"boldRow \" ><div class=\"boldRowInner\"><div class=\"rowItem rowInnerItem col-ms-6  btTextLeft\"  ><div class=\"rowItemContent\"><div class=\"rowItemContentInner\"><div class=\"btClear btSeparator topExtraSpaced noBorder\" ><hr><\/div><div class=\"btClear btSeparator topExtraSpaced noBorder\" ><hr><\/div><div class=\"btClear btSeparator topExtraSpaced noBorder\" ><hr><\/div><div class=\"btClear btSeparator topExtraSpaced noBorder\" ><hr><\/div><div class=\"btClear btSeparator topExtraSpaced noBorder\" ><hr><\/div><\/div><\/div><\/div><div class=\"rowItem rowInnerItem col-ms-6  btTextLeft\"  ><div class=\"rowItemContent\"><div class=\"rowItemContentInner\"><\/div><\/div><\/div><\/div><\/div><\/div><\/div><\/div><\/div><\/div><div class=\"slidedItem firstItem\"  data-thumb=\"https:\/\/lesdeuxtourssiorac.fr\/wp-content\/uploads\/2021\/06\/room-slider-pondichery-2-320x147.jpg\"><div class=\"btSliderPort wBackground cover\" style=\"background-image: url('https:\/\/lesdeuxtourssiorac.fr\/wp-content\/uploads\/2021\/06\/room-slider-pondichery-2.jpg')\"><div class=\"btSliderCell\" data-slick=\"yes\"><div class=\"btSlideGutter\"><div class=\"btSlidePane\"><div class=\"boldRow \" ><div class=\"boldRowInner\"><div class=\"rowItem rowInnerItem col-ms-6  btTextLeft\"  ><div class=\"rowItemContent\"><div class=\"rowItemContentInner\"><div class=\"btClear btSeparator topExtraSpaced noBorder\" ><hr><\/div><div class=\"btClear btSeparator topExtraSpaced noBorder\" ><hr><\/div><div class=\"btClear btSeparator topExtraSpaced noBorder\" ><hr><\/div><div class=\"btClear btSeparator topExtraSpaced noBorder\" ><hr><\/div><div class=\"btClear btSeparator topExtraSpaced noBorder\" ><hr><\/div><\/div><\/div><\/div><div class=\"rowItem rowInnerItem col-ms-6  btTextLeft\"  ><div class=\"rowItemContent\"><div class=\"rowItemContentInner\"><\/div><\/div><\/div><\/div><\/div><\/div><\/div><\/div><\/div><\/div><div class=\"slidedItem firstItem\"  data-thumb=\"https:\/\/lesdeuxtourssiorac.fr\/wp-content\/uploads\/2021\/06\/room-slider-pondichery-3-320x147.jpg\"><div class=\"btSliderPort wBackground cover\" style=\"background-image: url('https:\/\/lesdeuxtourssiorac.fr\/wp-content\/uploads\/2021\/06\/room-slider-pondichery-3.jpg')\"><div class=\"btSliderCell\" data-slick=\"yes\"><div class=\"btSlideGutter\"><div class=\"btSlidePane\"><div class=\"boldRow \" ><div class=\"boldRowInner\"><div class=\"rowItem rowInnerItem col-ms-6  btTextLeft\"  ><div class=\"rowItemContent\"><div class=\"rowItemContentInner\"><div class=\"btClear btSeparator topExtraSpaced noBorder\" ><hr><\/div><div class=\"btClear btSeparator topExtraSpaced noBorder\" ><hr><\/div><div class=\"btClear btSeparator topExtraSpaced noBorder\" ><hr><\/div><div class=\"btClear btSeparator topExtraSpaced noBorder\" ><hr><\/div><div class=\"btClear btSeparator topExtraSpaced noBorder\" ><hr><\/div><\/div><\/div><\/div><div class=\"rowItem rowInnerItem col-ms-6  btTextLeft\"  ><div class=\"rowItemContent\"><div class=\"rowItemContentInner\"><\/div><\/div><\/div><\/div><\/div><\/div><\/div><\/div><\/div><\/div><div class=\"slidedItem firstItem\"  data-thumb=\"https:\/\/lesdeuxtourssiorac.fr\/wp-content\/uploads\/2021\/06\/room-slider-pondichery-4-320x147.jpg\"><div class=\"btSliderPort wBackground cover\" style=\"background-image: url('https:\/\/lesdeuxtourssiorac.fr\/wp-content\/uploads\/2021\/06\/room-slider-pondichery-4.jpg')\"><div class=\"btSliderCell\" data-slick=\"yes\"><div class=\"btSlideGutter\"><div class=\"btSlidePane\"><div class=\"boldRow \" ><div class=\"boldRowInner\"><div class=\"rowItem rowInnerItem col-ms-6  btTextLeft\"  ><div class=\"rowItemContent\"><div class=\"rowItemContentInner\"><div class=\"btClear btSeparator topExtraSpaced noBorder\" ><hr><\/div><div class=\"btClear btSeparator topExtraSpaced noBorder\" ><hr><\/div><div class=\"btClear btSeparator topExtraSpaced noBorder\" ><hr><\/div><div class=\"btClear btSeparator topExtraSpaced noBorder\" ><hr><\/div><div class=\"btClear btSeparator topExtraSpaced noBorder\" ><hr><\/div><\/div><\/div><\/div><div class=\"rowItem rowInnerItem col-ms-6  btTextLeft\"  ><div class=\"rowItemContent\"><div class=\"rowItemContentInner\"><\/div><\/div><\/div><\/div><\/div><\/div><\/div><\/div><\/div><\/div><div class=\"slidedItem firstItem\"  data-thumb=\"https:\/\/lesdeuxtourssiorac.fr\/wp-content\/uploads\/2021\/06\/room-slider-pondichery-5-320x147.jpg\"><div class=\"btSliderPort wBackground cover\" style=\"background-image: url('https:\/\/lesdeuxtourssiorac.fr\/wp-content\/uploads\/2021\/06\/room-slider-pondichery-5.jpg')\"><div class=\"btSliderCell\" data-slick=\"yes\"><div class=\"btSlideGutter\"><div class=\"btSlidePane\"><div class=\"boldRow \" ><div class=\"boldRowInner\"><div class=\"rowItem rowInnerItem col-ms-6  btTextLeft\"  ><div class=\"rowItemContent\"><div class=\"rowItemContentInner\"><div class=\"btClear btSeparator topExtraSpaced noBorder\" ><hr><\/div><div class=\"btClear btSeparator topExtraSpaced noBorder\" ><hr><\/div><div class=\"btClear btSeparator topExtraSpaced noBorder\" ><hr><\/div><div class=\"btClear btSeparator topExtraSpaced noBorder\" ><hr><\/div><div class=\"btClear btSeparator topExtraSpaced noBorder\" ><hr><\/div><\/div><\/div><\/div><div class=\"rowItem rowInnerItem col-ms-6  btTextLeft\"  ><div class=\"rowItemContent\"><div class=\"rowItemContentInner\"><\/div><\/div><\/div><\/div><\/div><\/div><\/div><\/div><\/div><\/div><div class=\"slidedItem firstItem\"  data-thumb=\"https:\/\/lesdeuxtourssiorac.fr\/wp-content\/uploads\/2021\/06\/room-slider-pondichery-6-320x147.jpg\"><div class=\"btSliderPort wBackground cover\" style=\"background-image: url('https:\/\/lesdeuxtourssiorac.fr\/wp-content\/uploads\/2021\/06\/room-slider-pondichery-6.jpg')\"><div class=\"btSliderCell\" data-slick=\"yes\"><div class=\"btSlideGutter\"><div class=\"btSlidePane\"><div class=\"boldRow \" ><div class=\"boldRowInner\"><div class=\"rowItem rowInnerItem col-ms-6  btTextLeft\"  ><div class=\"rowItemContent\"><div class=\"rowItemContentInner\"><div class=\"btClear btSeparator topExtraSpaced noBorder\" ><hr><\/div><div class=\"btClear btSeparator topExtraSpaced noBorder\" ><hr><\/div><div class=\"btClear btSeparator topExtraSpaced noBorder\" ><hr><\/div><div class=\"btClear btSeparator topExtraSpaced noBorder\" ><hr><\/div><div class=\"btClear btSeparator topExtraSpaced noBorder\" ><hr><\/div><\/div><\/div><\/div><div class=\"rowItem rowInnerItem col-ms-6  btTextLeft\"  ><div class=\"rowItemContent\"><div class=\"rowItemContentInner\"><\/div><\/div><\/div><\/div><\/div><\/div><\/div><\/div><\/div><\/div><div class=\"slidedItem firstItem\"  data-thumb=\"https:\/\/lesdeuxtourssiorac.fr\/wp-content\/uploads\/2021\/06\/room-slider-pondichery-7-320x147.jpg\"><div class=\"btSliderPort wBackground cover\" style=\"background-image: url('https:\/\/lesdeuxtourssiorac.fr\/wp-content\/uploads\/2021\/06\/room-slider-pondichery-7.jpg')\"><div class=\"btSliderCell\" data-slick=\"yes\"><div class=\"btSlideGutter\"><div class=\"btSlidePane\"><div class=\"boldRow \" ><div class=\"boldRowInner\"><div class=\"rowItem rowInnerItem col-ms-6  btTextLeft\"  ><div class=\"rowItemContent\"><div class=\"rowItemContentInner\"><div class=\"btClear btSeparator topExtraSpaced noBorder\" ><hr><\/div><div class=\"btClear btSeparator topExtraSpaced noBorder\" ><hr><\/div><div class=\"btClear btSeparator topExtraSpaced noBorder\" ><hr><\/div><div class=\"btClear btSeparator topExtraSpaced noBorder\" ><hr><\/div><div class=\"btClear btSeparator topExtraSpaced noBorder\" ><hr><\/div><\/div><\/div><\/div><div class=\"rowItem rowInnerItem col-ms-6  btTextLeft\"  ><div class=\"rowItemContent\"><div class=\"rowItemContentInner\"><\/div><\/div><\/div><\/div><\/div><\/div><\/div><\/div><\/div><\/div><div class=\"slidedItem firstItem\"  data-thumb=\"https:\/\/lesdeuxtourssiorac.fr\/wp-content\/uploads\/2021\/06\/room-slider-pondichery-8-320x147.jpg\"><div class=\"btSliderPort wBackground cover\" style=\"background-image: url('https:\/\/lesdeuxtourssiorac.fr\/wp-content\/uploads\/2021\/06\/room-slider-pondichery-8.jpg')\"><div class=\"btSliderCell\" data-slick=\"yes\"><div class=\"btSlideGutter\"><div class=\"btSlidePane\"><div class=\"boldRow \" ><div class=\"boldRowInner\"><div class=\"rowItem rowInnerItem col-ms-6  btTextLeft\"  ><div class=\"rowItemContent\"><div class=\"rowItemContentInner\"><div class=\"btClear btSeparator topExtraSpaced noBorder\" ><hr><\/div><div class=\"btClear btSeparator topExtraSpaced noBorder\" ><hr><\/div><div class=\"btClear btSeparator topExtraSpaced noBorder\" ><hr><\/div><div class=\"btClear btSeparator topExtraSpaced noBorder\" ><hr><\/div><div class=\"btClear btSeparator topExtraSpaced noBorder\" ><hr><\/div><\/div><\/div><\/div><div class=\"rowItem rowInnerItem col-ms-6  btTextLeft\"  ><div class=\"rowItemContent\"><div class=\"rowItemContentInner\"><\/div><\/div><\/div><\/div><\/div><\/div><\/div><\/div><\/div><\/div><div class=\"slidedItem firstItem\"  data-thumb=\"https:\/\/lesdeuxtourssiorac.fr\/wp-content\/uploads\/2021\/06\/room-slider-pondichery-9-320x147.jpg\"><div class=\"btSliderPort wBackground cover\" style=\"background-image: url('https:\/\/lesdeuxtourssiorac.fr\/wp-content\/uploads\/2021\/06\/room-slider-pondichery-9.jpg')\"><div class=\"btSliderCell\" data-slick=\"yes\"><div class=\"btSlideGutter\"><div class=\"btSlidePane\"><div class=\"boldRow \" ><div class=\"boldRowInner\"><div class=\"rowItem rowInnerItem col-ms-6  btTextLeft\"  ><div class=\"rowItemContent\"><div class=\"rowItemContentInner\"><div class=\"btClear btSeparator topExtraSpaced noBorder\" ><hr><\/div><div class=\"btClear btSeparator topExtraSpaced noBorder\" ><hr><\/div><div class=\"btClear btSeparator topExtraSpaced noBorder\" ><hr><\/div><div class=\"btClear btSeparator topExtraSpaced noBorder\" ><hr><\/div><div class=\"btClear btSeparator topExtraSpaced noBorder\" ><hr><\/div><\/div><\/div><\/div><div class=\"rowItem rowInnerItem col-ms-6  btTextLeft\"  ><div class=\"rowItemContent\"><div class=\"rowItemContentInner\"><\/div><\/div><\/div><\/div><\/div><\/div><\/div><\/div><\/div><\/div><\/div><\/div><\/div><\/div><\/div><\/div><\/div><\/div><\/div><\/section><section id=\"bt_section69f289fe4720a\"  class=\"boldSection topSpaced bottomExtraSmallSpaced gutter inherit\" ><div class=\"port\"><div class=\"boldCell\"><div class=\"boldCellInner\"><div class=\"boldRow \" ><div class=\"boldRowInner\"><div class=\"rowItem col-md-4 col-ms-12 btTextLeft btMiddleVertical\"  data-width=\"4\"><div class=\"rowItemContent\" ><div class=\"rowItemContentInner\"><header class=\"header btClear extralarge btDash topDash  btHeadlineAccentColor btBottomDashDefaultColor\" ><div class=\"dash\"><div class=\"btSuperTitle\"><span>Chambre Pondichery<\/span><\/div><h1><span class=\"headline\">Les Deux Tours<\/span><\/h1><\/div><\/header><\/div><\/div><\/div><div class=\"rowItem col-md-8 col-ms-12 btTextLeft btMiddleVertical\"  data-width=\"8\"><div class=\"rowItemContent\" ><div class=\"rowItemContentInner\"><\/div><\/div><\/div><\/div><\/div><\/div><\/div><\/div><\/section><section id=\"bt_section69f289fe473a7\"  class=\"boldSection bottomSpaced gutter inherit\" ><div class=\"port\"><div class=\"boldCell\"><div class=\"boldCellInner\"><div class=\"boldRow \" ><div class=\"boldRowInner\"><div class=\"rowItem col-md-8 col-ms-12 btTextLeft inherit\"  data-width=\"8\"><div class=\"rowItemContent\" ><div class=\"rowItemContentInner\"><div class=\"boldRow \" ><div class=\"boldRowInner\"><div class=\"rowItem rowInnerItem col-ms-12  btTextLeft inherit btTextIndent\"  ><div class=\"rowItemContent\"><div class=\"rowItemContentInner\"><div class=\"btText\" ><\/p>\n<p>D\u00e9cor\u00e9e d\u2019objets d\u2019artisanat indien, nous vous proposons une suite mansard\u00e9e compos\u00e9e de deux chambres contigu\u00ebs, situ\u00e9e \u00e0 l\u2019\u00e9tage de la tour.<\/p>\n<p>La chambre &lsquo;parentale&rsquo; est dot\u00e9e d\u2019un lit double en 160, de deux grands placards de rangement ainsi que d\u2019une penderie et offre une belle vue sur les coteaux. Elle est climatis\u00e9e.<\/p>\n<p>La deuxi\u00e8me chambre est \u00e9quip\u00e9e de deux lits simples avec possibilit\u00e9 d\u2019un lit suppl\u00e9mentaire, et d&rsquo;un lit parapluie, de placards de rangement et offre une vue sur le jardin.<\/p>\n<p>Une salle d\u2019eau avec lavabo, douche et wc compl\u00e8te l\u2019\u00e9quipement.<\/p>\n<p>Nos chambres et notre maison sont un espace non fumeur. Les animaux ne sont pas admis. Parking am\u00e9nag\u00e9.<\/p>\n<p>Les arriv\u00e9es se font entre 15h et 20 h, les chambres doivent \u00eatre lib\u00e9r\u00e9es pour 11h lors de votre d\u00e9part.<\/p>\n<p>Linge de maison et serviettes de piscine fournis. Le jardin d\u2019agr\u00e9ment vous offrira coins et recoins de tranquillit\u00e9 sur 2700 m\u00b2 avec une table de tennis de table.<\/p>\n<p>Une grande biblioth\u00e8que (BD, polars, romans, beaux livres&#8230;) est \u00e0 votre disposition.<\/p>\n<p>Des s\u00e9jours \u00e0 th\u00e8mes peuvent \u00eatre organis\u00e9s sur demande (conditions tarifaires particuli\u00e8res) :<\/p>\n<p>\u2013 ateliers d\u2019\u00e9criture anim\u00e9s par Annick (formatrice dipl\u00f4m\u00e9e)<br \/>\n\u2013 balades \u00e0 th\u00e8me sur les nombreux sentiers de randonn\u00e9e (notamment GR 36) avec Vincent pour guide (ex : sortie orchid\u00e9es sauvages des coteaux calcaires, d\u00e9couverte de la flore locale, champignons&#8230;)<br \/>\n\u2013 d\u00e9couverte des vignobles du Bergeracois, de Domme, de Saint Cyprien avec Vincent pr\u00e9sident du Club \u0152nologie Sioracois<\/p>\n<p>\n<\/div><div class=\"btClear btSeparator bottomSemiSpaced noBorder\" ><hr><\/div><\/div><\/div><\/div><\/div><\/div><div class=\"tilesWall btGridGallery tiled  btGridGap-1\" data-col=\"6\"><div class=\"gridSizer\"><\/div><\/div><\/div><\/div><\/div><div class=\"rowItem col-md-4 col-ms-12 btTextLeft inherit\"  data-width=\"4\"><div class=\"rowItemContent\" ><div class=\"rowItemContentInner\"><div class=\"btIconImageRow\" ><div class=\"bpgPhoto \" ><div class = \"btImage\"><img decoding=\"async\" src=\"https:\/\/lesdeuxtourssiorac.fr\/wp-content\/uploads\/2025\/02\/logos-pondichery.jpg\" alt=\"\" ><\/div><\/div><\/div><div class=\"btClear btSeparator topSmallSpaced noBorder\" ><hr><\/div><div class=\"bpgPhoto \"  style=\"width: 38px; margin: -18px auto auto 20px; position: absolute; z-index: 1;\"><div class = \"btImage\"><img decoding=\"async\" src=\"\" alt=\"\" ><\/div><\/div><div class=\"boldRow \" ><div class=\"boldRowInner\"><div class=\"rowItem rowInnerItem col-ms-12  btTextLeft btHighlight inherit btTextIndent\"  ><div class=\"rowItemContent\"><div class=\"rowItemContentInner\"><div class=\"btClear btSeparator topSemiSpaced noBorder\" ><hr><\/div><header class=\"header btClear medium  btHeadlineDefaultColor btBottomDashDefaultColor\" ><div class=\"dash\"><h3><span class=\"headline\">\u00c9quipements<\/span><\/h3><\/div><\/header><div class=\"btClear btSeparator topExtraSmallSpaced noBorder\" ><hr><\/div><div class=\"btIconImageRow\" ><span class=\"btIco btIcoDefaultType btIcoMediumSize btIcoAccentColor\"><span  data-ico-cs=\"&#xea53;\" class=\"btIcoHolder\"><\/span><\/span><span class=\"btIco btIcoDefaultType btIcoMediumSize btIcoAccentColor\"><span  data-ico-cs=\"&#xea19;\" class=\"btIcoHolder\"><\/span><\/span><span class=\"btIco btIcoDefaultType btIcoMediumSize btIcoAccentColor\"><span  data-ico-cs=\"&#xea2c;\" class=\"btIcoHolder\"><\/span><\/span><span class=\"btIco btIcoDefaultType btIcoMediumSize btIcoAccentColor\"><span  data-ico-cs=\"&#xea1c;\" class=\"btIcoHolder\"><\/span><\/span><span class=\"btIco btIcoDefaultType btIcoMediumSize btIcoAccentColor\"><span  data-ico-s7=\"&#xe6bb;\" class=\"btIcoHolder\"><\/span><\/span><span class=\"btIco btIcoDefaultType btIcoMediumSize btIcoAccentColor\"><span  data-ico-s7=\"&#xe68e;\" class=\"btIcoHolder\"><\/span><\/span><\/div><div class=\"btClear btSeparator topSmallSpaced bottomSmallSpaced border\" ><hr><\/div><div class=\"btText\" ><\/p>\n<p>Surperficie : 25m\u00b2<br \/>\nVue : Piscine et jardin<br \/>\nPersonnes : Maximum 5<\/p>\n<p>\n<\/div><div class=\"btClear btSeparator topSmallSpaced noBorder\" ><hr><\/div><\/div><\/div><\/div><\/div><\/div><div class=\"btClear btSeparator topSmallSpaced bottomExtraSmallSpaced noBorder\" ><hr><\/div><div class=\"boldRow \" ><div class=\"boldRowInner\"><div class=\"rowItem rowInnerItem col-ms-6  btTextCenter btMiddleVertical\"  ><div class=\"rowItemContent\"><div class=\"rowItemContentInner\"><a href=\"..\/..\/tarifs\/pondichery\" class=\"btBtn btBtn btnFilledStyle btnAccentColor btnMedium btnFullWidth btnRightPosition btnNoIcon\" ><span class=\"btnInnerText\">TARIFS<\/span><\/a><\/div><\/div><\/div><div class=\"rowItem rowInnerItem col-ms-6  btTextLeft btMiddleVertical\"  ><div class=\"rowItemContent\"><div class=\"rowItemContentInner\"><header class=\"header btClear medium  btHeadlineAccentColor btBottomDashDefaultColor\" ><div class=\"dash\"><div class=\"btSuperTitle\"><span>\u00c0 PARTIR DE<\/span><\/div><h3><span class=\"headline\">\u20ac105 \/ nuit<\/span><\/h3><\/div><\/header><\/div><\/div><\/div><\/div><\/div><div class=\"btClear btSeparator topSmallSpaced noBorder\" ><hr><\/div><div class=\"boldRow \" ><div class=\"boldRowInner\"><div class=\"rowItem rowInnerItem col-ms-12  btTextLeft btHighlight inherit btTextIndent\"  ><div class=\"rowItemContent\"><div class=\"rowItemContentInner\"><div class=\"btCustomMenu \" ><div class=\"menu-bedrooms-menu-container\"><ul id=\"menu-bedrooms-menu\" class=\"menu\"><li id=\"menu-item-173\" class=\"menu-item menu-item-type-post_type menu-item-object-page menu-item-173\"><a href=\"http:\/\/lesdeuxtourssiorac.fr\/fr\/chambres\/azemmour\/\">Azemmour (Maroc)<\/a><\/li><li id=\"menu-item-174\" class=\"menu-item menu-item-type-post_type menu-item-object-page menu-item-174\"><a href=\"http:\/\/lesdeuxtourssiorac.fr\/fr\/chambres\/kadisha\/\">Kadisha (Liban &#038; Syrie)<\/a><\/li><li id=\"menu-item-176\" class=\"menu-item menu-item-type-post_type menu-item-object-page menu-item-176\"><a href=\"http:\/\/lesdeuxtourssiorac.fr\/fr\/chambres\/pondichery\/\">Pondichery (Inde)<\/a><\/li>\n<\/ul><\/div><\/div><\/div><\/div><\/div><\/div><\/div><\/div><\/div><\/div><\/div><\/div><\/div><\/div><\/div><\/section><\/p>\n","protected":false},"excerpt":{"rendered":"","protected":false},"author":1,"featured_media":0,"parent":82,"menu_order":0,"comment_status":"closed","ping_status":"closed","template":"","meta":{"footnotes":""},"class_list":["post-135","page","type-page","status-publish","hentry"],"yoast_head":"<!-- This site is optimized with the Yoast SEO plugin v27.5 - https:\/\/yoast.com\/product\/yoast-seo-wordpress\/ -->\n<title>Pondichery - Les Deux Tours<\/title>\n<meta name=\"robots\" content=\"noindex, nofollow\" \/>\n<meta property=\"og:locale\" content=\"fr_FR\" \/>\n<meta property=\"og:type\" content=\"article\" \/>\n<meta property=\"og:title\" content=\"Pondichery - Les Deux Tours\" \/>\n<meta property=\"og:url\" content=\"https:\/\/lesdeuxtourssiorac.fr\/fr\/chambres\/pondichery\/\" \/>\n<meta property=\"og:site_name\" content=\"Les Deux Tours\" \/>\n<meta property=\"article:modified_time\" content=\"2025-02-06T09:03:36+00:00\" \/>\n<meta name=\"twitter:card\" content=\"summary_large_image\" \/>\n<meta name=\"twitter:label1\" content=\"Dur\u00e9e de lecture estim\u00e9e\" \/>\n\t<meta name=\"twitter:data1\" content=\"2 minutes\" \/>\n<script type=\"application\/ld+json\" class=\"yoast-schema-graph\">{\"@context\":\"https:\\\/\\\/schema.org\",\"@graph\":[{\"@type\":\"WebPage\",\"@id\":\"https:\\\/\\\/lesdeuxtourssiorac.fr\\\/chambres\\\/pondichery\\\/\",\"url\":\"https:\\\/\\\/lesdeuxtourssiorac.fr\\\/chambres\\\/pondichery\\\/\",\"name\":\"Pondichery - Les Deux Tours\",\"isPartOf\":{\"@id\":\"https:\\\/\\\/lesdeuxtourssiorac.fr\\\/#website\"},\"datePublished\":\"2019-04-18T12:10:59+00:00\",\"dateModified\":\"2025-02-06T09:03:36+00:00\",\"breadcrumb\":{\"@id\":\"https:\\\/\\\/lesdeuxtourssiorac.fr\\\/chambres\\\/pondichery\\\/#breadcrumb\"},\"inLanguage\":\"fr-FR\",\"potentialAction\":[{\"@type\":\"ReadAction\",\"target\":[\"https:\\\/\\\/lesdeuxtourssiorac.fr\\\/chambres\\\/pondichery\\\/\"]}]},{\"@type\":\"BreadcrumbList\",\"@id\":\"https:\\\/\\\/lesdeuxtourssiorac.fr\\\/chambres\\\/pondichery\\\/#breadcrumb\",\"itemListElement\":[{\"@type\":\"ListItem\",\"position\":1,\"name\":\"Accueil\",\"item\":\"https:\\\/\\\/lesdeuxtourssiorac.fr\\\/\"},{\"@type\":\"ListItem\",\"position\":2,\"name\":\"Chambres\",\"item\":\"https:\\\/\\\/lesdeuxtourssiorac.fr\\\/chambres\\\/\"},{\"@type\":\"ListItem\",\"position\":3,\"name\":\"Pondichery\"}]},{\"@type\":\"WebSite\",\"@id\":\"https:\\\/\\\/lesdeuxtourssiorac.fr\\\/#website\",\"url\":\"https:\\\/\\\/lesdeuxtourssiorac.fr\\\/\",\"name\":\"Les Deux Tours\",\"description\":\"Chambres d'h&ocirc;tes\",\"potentialAction\":[{\"@type\":\"SearchAction\",\"target\":{\"@type\":\"EntryPoint\",\"urlTemplate\":\"https:\\\/\\\/lesdeuxtourssiorac.fr\\\/?s={search_term_string}\"},\"query-input\":{\"@type\":\"PropertyValueSpecification\",\"valueRequired\":true,\"valueName\":\"search_term_string\"}}],\"inLanguage\":\"fr-FR\"}]}<\/script>\n<!-- \/ Yoast SEO plugin. -->","yoast_head_json":{"title":"Pondichery - Les Deux Tours","robots":{"index":"noindex","follow":"nofollow"},"og_locale":"fr_FR","og_type":"article","og_title":"Pondichery - Les Deux Tours","og_url":"https:\/\/lesdeuxtourssiorac.fr\/fr\/chambres\/pondichery\/","og_site_name":"Les Deux Tours","article_modified_time":"2025-02-06T09:03:36+00:00","twitter_card":"summary_large_image","twitter_misc":{"Dur\u00e9e de lecture estim\u00e9e":"2 minutes"},"schema":{"@context":"https:\/\/schema.org","@graph":[{"@type":"WebPage","@id":"https:\/\/lesdeuxtourssiorac.fr\/chambres\/pondichery\/","url":"https:\/\/lesdeuxtourssiorac.fr\/chambres\/pondichery\/","name":"Pondichery - Les Deux Tours","isPartOf":{"@id":"https:\/\/lesdeuxtourssiorac.fr\/#website"},"datePublished":"2019-04-18T12:10:59+00:00","dateModified":"2025-02-06T09:03:36+00:00","breadcrumb":{"@id":"https:\/\/lesdeuxtourssiorac.fr\/chambres\/pondichery\/#breadcrumb"},"inLanguage":"fr-FR","potentialAction":[{"@type":"ReadAction","target":["https:\/\/lesdeuxtourssiorac.fr\/chambres\/pondichery\/"]}]},{"@type":"BreadcrumbList","@id":"https:\/\/lesdeuxtourssiorac.fr\/chambres\/pondichery\/#breadcrumb","itemListElement":[{"@type":"ListItem","position":1,"name":"Accueil","item":"https:\/\/lesdeuxtourssiorac.fr\/"},{"@type":"ListItem","position":2,"name":"Chambres","item":"https:\/\/lesdeuxtourssiorac.fr\/chambres\/"},{"@type":"ListItem","position":3,"name":"Pondichery"}]},{"@type":"WebSite","@id":"https:\/\/lesdeuxtourssiorac.fr\/#website","url":"https:\/\/lesdeuxtourssiorac.fr\/","name":"Les Deux Tours","description":"Chambres d'h&ocirc;tes","potentialAction":[{"@type":"SearchAction","target":{"@type":"EntryPoint","urlTemplate":"https:\/\/lesdeuxtourssiorac.fr\/?s={search_term_string}"},"query-input":{"@type":"PropertyValueSpecification","valueRequired":true,"valueName":"search_term_string"}}],"inLanguage":"fr-FR"}]}},"_links":{"self":[{"href":"http:\/\/lesdeuxtourssiorac.fr\/fr\/wp-json\/wp\/v2\/pages\/135","targetHints":{"allow":["GET"]}}],"collection":[{"href":"http:\/\/lesdeuxtourssiorac.fr\/fr\/wp-json\/wp\/v2\/pages"}],"about":[{"href":"http:\/\/lesdeuxtourssiorac.fr\/fr\/wp-json\/wp\/v2\/types\/page"}],"author":[{"embeddable":true,"href":"http:\/\/lesdeuxtourssiorac.fr\/fr\/wp-json\/wp\/v2\/users\/1"}],"replies":[{"embeddable":true,"href":"http:\/\/lesdeuxtourssiorac.fr\/fr\/wp-json\/wp\/v2\/comments?post=135"}],"version-history":[{"count":15,"href":"http:\/\/lesdeuxtourssiorac.fr\/fr\/wp-json\/wp\/v2\/pages\/135\/revisions"}],"predecessor-version":[{"id":844,"href":"http:\/\/lesdeuxtourssiorac.fr\/fr\/wp-json\/wp\/v2\/pages\/135\/revisions\/844"}],"up":[{"embeddable":true,"href":"http:\/\/lesdeuxtourssiorac.fr\/fr\/wp-json\/wp\/v2\/pages\/82"}],"wp:attachment":[{"href":"http:\/\/lesdeuxtourssiorac.fr\/fr\/wp-json\/wp\/v2\/media?parent=135"}],"curies":[{"name":"wp","href":"https:\/\/api.w.org\/{rel}","templated":true}]}}