{"id":24,"date":"2019-04-18T12:04:19","date_gmt":"2019-04-18T10:04:19","guid":{"rendered":"http:\/\/www.lesdeuxtourssiorac.fr\/?page_id=24"},"modified":"2025-02-04T15:23:09","modified_gmt":"2025-02-04T14:23:09","slug":"activites","status":"publish","type":"page","link":"http:\/\/lesdeuxtourssiorac.fr\/fr\/activites\/","title":{"rendered":"Activites"},"content":{"rendered":"<p><section id=\"bt_section69f289da38643\"  class=\"boldSection topSpaced bottomSemiSpaced gutter inherit\" ><div class=\"port\"><div class=\"boldCell\"><div class=\"boldCellInner\"><div class=\"boldRow \" ><div class=\"boldRowInner\"><div class=\"rowItem col-md-12 col-ms-12  btTextLeft\"  data-width=\"12\"><div class=\"rowItemContent\" ><div class=\"rowItemContentInner\"><header class=\"header btClear extralarge btDash bottomDash  btHeadlineDefaultColor btBottomDashAccentColor\" ><div class=\"dash\"><div class=\"btSuperTitle\"><span>Activit\u00e9s<\/span><\/div><h1><span class=\"headline\">Aper\u00e7u des visites et loisirs &#8230;<\/span><\/h1><\/div><div class=\"btSubTitle\">Vous cherchez \u00e0 vous d\u00e9tendre ? Retrouvez toutes les id\u00e9es de sorties et bonnes adresses pour profiter des loisirs dans notre splendide r\u00e9gion !<\/div><\/header><\/div><\/div><\/div><\/div><\/div><\/div><\/div><\/div><\/section><section id=\"bt_section69f289da38832\"  class=\"boldSection bottomSmallSpaced gutter inherit\" ><div class=\"port\"><div class=\"boldCell\"><div class=\"boldCellInner\"><div class=\"boldRow \" ><div class=\"boldRowInner\"><div class=\"rowItem col-md-4 col-ms-12 btTextLeft btTextIndent btMiddleVertical btDoublePadding\"  data-width=\"4\"><div class=\"rowItemContent\" background-color: rgba(230, 230, 230, 1); ><div class=\"rowItemContentInner\"><div class=\"btClear btSeparator bottomSemiSpaced noBorder\" ><hr><\/div><header class=\"header btClear large btDash topDash  btHeadlineDefaultColor btBottomDashDefaultColor\" ><div class=\"dash\"><div class=\"btSuperTitle\"><span>Visite du P\u00e9rigord Noir<\/span><\/div><\/div><\/header><div class=\"btClear btSeparator bottomExtraSmallSpaced noBorder\" ><hr><\/div><div class=\"btText\" ><\/p>\n<p>Le P\u00e9rigord Noir est l\u2019une des destinations pr\u00e9f\u00e9r\u00e9es des voyageurs\u00a0 et attire de plus en plus de visiteurs en qu\u00eate d\u2019authenticit\u00e9, de nature, de patrimoine culturel (villages class\u00e9s, chateaux, jardins, grottes, bastides) et de gastronomie.<\/p>\n<p>Beynac, Biron, Cadouin, Campagne, Commarque, Urval attendent votre visite &#8230;<\/p>\n<p>\n<\/div><div class=\"btClear btSeparator bottomSmallSpaced noBorder\" ><hr><\/div><a href=\"http:\/\/lesdeuxtourssiorac.fr\/wp-content\/uploads\/pdf\/guide-touristique.pdf\" class=\"btBtn btBtn btnFilledStyle btnAccentColor btnSmall btnNormalWidth btnRightPosition btnNoIcon\"  target=\"_blank\"><span class=\"btnInnerText\">GUIDE TOURISTIQUE<\/span><\/a><div class=\"btClear btSeparator bottomSmallSpaced noBorder\" ><hr><\/div><\/div><\/div><\/div><div class=\"rowItem col-md-8 col-ms-12 btTextCenter inherit\"  data-width=\"8\"><div class=\"rowItemContent\" ><div class=\"rowItemContentInner\"><div class=\"tilesWall btGridGallery tiled  btGridGap-1 lightbox\" data-col=\"3\"><div class=\"gridSizer\"><\/div><div class=\"gridItem btGhostSliderThumb bt11\" data-order-num=\"0\"><div class=\"btTileBox\"><div class=\"bpgPhoto \" > \r\n\t\t\t\t\t<a href=\"https:\/\/lesdeuxtourssiorac.fr\/wp-content\/uploads\/2019\/04\/gallery-city-1.jpg\" class=\"lightbox\" data-title=\"\"><\/a>\r\n\t\t\t\t\t<div class=\"boldPhotoBox\"><div class=\"bpbItem\"><div class = \"btImage\"><img decoding=\"async\" src=\"https:\/\/lesdeuxtourssiorac.fr\/wp-content\/uploads\/2019\/04\/gallery-city-1-540x540.jpg\" alt=\"\" ><\/div><\/div><\/div>\r\n\t\t\t\t\t<div class=\"captionPane btDarkSkin\">\r\n\t\t\t\t\t\t<div class=\"captionTable\">\r\n\t\t\t\t\t\t\t<div class=\"captionCell\">\r\n\t\t\t\t\t\t\t\t<div class=\"captionTxt\"><\/div>\r\n\t\t\t\t\t\t\t<\/div>\r\n\t\t\t\t\t\t<\/div>\r\n\t\t\t\t\t<\/div><\/div><\/div><\/div><div class=\"gridItem btGhostSliderThumb bt11\" data-order-num=\"1\"><div class=\"btTileBox\"><div class=\"bpgPhoto \" > \r\n\t\t\t\t\t<a href=\"https:\/\/lesdeuxtourssiorac.fr\/wp-content\/uploads\/2019\/04\/gallery-city-2.jpg\" class=\"lightbox\" data-title=\"\"><\/a>\r\n\t\t\t\t\t<div class=\"boldPhotoBox\"><div class=\"bpbItem\"><div class = \"btImage\"><img decoding=\"async\" src=\"https:\/\/lesdeuxtourssiorac.fr\/wp-content\/uploads\/2019\/04\/gallery-city-2-540x540.jpg\" alt=\"\" ><\/div><\/div><\/div>\r\n\t\t\t\t\t<div class=\"captionPane btDarkSkin\">\r\n\t\t\t\t\t\t<div class=\"captionTable\">\r\n\t\t\t\t\t\t\t<div class=\"captionCell\">\r\n\t\t\t\t\t\t\t\t<div class=\"captionTxt\"><\/div>\r\n\t\t\t\t\t\t\t<\/div>\r\n\t\t\t\t\t\t<\/div>\r\n\t\t\t\t\t<\/div><\/div><\/div><\/div><div class=\"gridItem btGhostSliderThumb bt11\" data-order-num=\"2\"><div class=\"btTileBox\"><div class=\"bpgPhoto \" > \r\n\t\t\t\t\t<a href=\"https:\/\/lesdeuxtourssiorac.fr\/wp-content\/uploads\/2019\/04\/gallery-city-3.jpg\" class=\"lightbox\" data-title=\"\"><\/a>\r\n\t\t\t\t\t<div class=\"boldPhotoBox\"><div class=\"bpbItem\"><div class = \"btImage\"><img decoding=\"async\" src=\"https:\/\/lesdeuxtourssiorac.fr\/wp-content\/uploads\/2019\/04\/gallery-city-3-540x540.jpg\" alt=\"\" ><\/div><\/div><\/div>\r\n\t\t\t\t\t<div class=\"captionPane btDarkSkin\">\r\n\t\t\t\t\t\t<div class=\"captionTable\">\r\n\t\t\t\t\t\t\t<div class=\"captionCell\">\r\n\t\t\t\t\t\t\t\t<div class=\"captionTxt\"><\/div>\r\n\t\t\t\t\t\t\t<\/div>\r\n\t\t\t\t\t\t<\/div>\r\n\t\t\t\t\t<\/div><\/div><\/div><\/div><div class=\"gridItem btGhostSliderThumb bt11\" data-order-num=\"3\"><div class=\"btTileBox\"><div class=\"bpgPhoto \" > \r\n\t\t\t\t\t<a href=\"https:\/\/lesdeuxtourssiorac.fr\/wp-content\/uploads\/2019\/04\/gallery-city-4.jpg\" class=\"lightbox\" data-title=\"\"><\/a>\r\n\t\t\t\t\t<div class=\"boldPhotoBox\"><div class=\"bpbItem\"><div class = \"btImage\"><img decoding=\"async\" src=\"https:\/\/lesdeuxtourssiorac.fr\/wp-content\/uploads\/2019\/04\/gallery-city-4-540x540.jpg\" alt=\"\" ><\/div><\/div><\/div>\r\n\t\t\t\t\t<div class=\"captionPane btDarkSkin\">\r\n\t\t\t\t\t\t<div class=\"captionTable\">\r\n\t\t\t\t\t\t\t<div class=\"captionCell\">\r\n\t\t\t\t\t\t\t\t<div class=\"captionTxt\"><\/div>\r\n\t\t\t\t\t\t\t<\/div>\r\n\t\t\t\t\t\t<\/div>\r\n\t\t\t\t\t<\/div><\/div><\/div><\/div><div class=\"gridItem btGhostSliderThumb bt11\" data-order-num=\"4\"><div class=\"btTileBox\"><div class=\"bpgPhoto \" > \r\n\t\t\t\t\t<a href=\"https:\/\/lesdeuxtourssiorac.fr\/wp-content\/uploads\/2019\/04\/gallery-city-5.jpg\" class=\"lightbox\" data-title=\"\"><\/a>\r\n\t\t\t\t\t<div class=\"boldPhotoBox\"><div class=\"bpbItem\"><div class = \"btImage\"><img decoding=\"async\" src=\"https:\/\/lesdeuxtourssiorac.fr\/wp-content\/uploads\/2019\/04\/gallery-city-5-540x540.jpg\" alt=\"\" ><\/div><\/div><\/div>\r\n\t\t\t\t\t<div class=\"captionPane btDarkSkin\">\r\n\t\t\t\t\t\t<div class=\"captionTable\">\r\n\t\t\t\t\t\t\t<div class=\"captionCell\">\r\n\t\t\t\t\t\t\t\t<div class=\"captionTxt\"><\/div>\r\n\t\t\t\t\t\t\t<\/div>\r\n\t\t\t\t\t\t<\/div>\r\n\t\t\t\t\t<\/div><\/div><\/div><\/div><div class=\"gridItem btGhostSliderThumb bt11\" data-order-num=\"5\"><div class=\"btTileBox\"><div class=\"bpgPhoto \" > \r\n\t\t\t\t\t<a href=\"https:\/\/lesdeuxtourssiorac.fr\/wp-content\/uploads\/2019\/04\/gallery-city-6.jpg\" class=\"lightbox\" data-title=\"\"><\/a>\r\n\t\t\t\t\t<div class=\"boldPhotoBox\"><div class=\"bpbItem\"><div class = \"btImage\"><img decoding=\"async\" src=\"https:\/\/lesdeuxtourssiorac.fr\/wp-content\/uploads\/2019\/04\/gallery-city-6-540x540.jpg\" alt=\"\" ><\/div><\/div><\/div>\r\n\t\t\t\t\t<div class=\"captionPane btDarkSkin\">\r\n\t\t\t\t\t\t<div class=\"captionTable\">\r\n\t\t\t\t\t\t\t<div class=\"captionCell\">\r\n\t\t\t\t\t\t\t\t<div class=\"captionTxt\"><\/div>\r\n\t\t\t\t\t\t\t<\/div>\r\n\t\t\t\t\t\t<\/div>\r\n\t\t\t\t\t<\/div><\/div><\/div><\/div><\/div><\/div><\/div><\/div><\/div><\/div><\/div><\/div><\/div><\/section><section id=\"bt_section69f289da3a134\"  class=\"boldSection bottomSmallSpaced gutter inherit\" ><div class=\"port\"><div class=\"boldCell\"><div class=\"boldCellInner\"><div class=\"boldRow \" ><div class=\"boldRowInner\"><div class=\"rowItem col-md-12 col-ms-12  btTextLeft btTextIndent btMiddleVertical btDoublePadding\"  data-width=\"12\"><div class=\"rowItemContent\" background-color: rgba(230, 230, 230, 1); ><div class=\"rowItemContentInner\"><div class=\"btClear btSeparator bottomSemiSpaced noBorder\" ><hr><\/div><header class=\"header btClear large btDash topDash  btHeadlineDefaultColor btBottomDashDefaultColor\" ><div class=\"dash\"><div class=\"btSuperTitle\"><span>Activit\u00e9s sportives et belles d\u00e9couvertes<\/span><\/div><\/div><\/header><div class=\"btClear btSeparator bottomExtraSmallSpaced noBorder\" ><hr><\/div><div class=\"btText\" ><\/p>\n<p>Le P\u00e9rigord c&rsquo;est comme ouvrir son livre d\u2019histoire : marcher sur les traces de la pr\u00e9histoire le long de la V\u00e9z\u00e8re, traverser le Moyen Age et la Renaissance \u00e0 travers les mille et un ch\u00e2teaux qui bordent la Dordogne.<\/p>\n<p>Pour les amoureux de nature et d\u2019activit\u00e9s de plein air, la Dordogne est un terrain de jeu sans \u00e9quivalent : 2 golfs \u00e0 Siorac, des descentes en cano\u00eb sur la Dordogne ou la V\u00e9z\u00e8re, de l&rsquo;escalade, des parcs d&rsquo;aventure, des grottes \u00e0 foison et de belles exploitations viticoles.<\/p>\n<p>\n<\/div><div class=\"btClear btSeparator bottomSemiSpaced noBorder\" ><hr><\/div><\/div><\/div><\/div><\/div><\/div><\/div><\/div><\/div><\/section><section id=\"bt_section69f289da3a4be\"  class=\"boldSection bottomSmallSpaced gutter inherit\" ><div class=\"port\"><div class=\"boldCell\"><div class=\"boldCellInner\"><div class=\"boldRow \" ><div class=\"boldRowInner\"><div class=\"rowItem col-md-4 col-ms-12 btTextLeft inherit\"  data-width=\"4\"><div class=\"rowItemContent\" ><div class=\"rowItemContentInner\"><div class=\"bpgPhoto  btHasComplexContent\" > \r\n\t\t\t\t\t<a href=\"http:\/\/laforetdesecureuils.fr\/\" target=\"_self\"><\/a>\r\n\t\t\t\t\t<div class=\"boldPhotoBox\"><div class=\"bpbItem\"><div class = \"btImage\"><img decoding=\"async\" src=\"https:\/\/lesdeuxtourssiorac.fr\/wp-content\/uploads\/2019\/04\/gallery-activities-1.jpg\" alt=\"\" ><\/div><\/div><\/div>\r\n\t\t\t\t\t<div class=\"captionPane btDarkSkin\">\r\n\t\t\t\t\t\t<div class=\"captionTable\">\r\n\t\t\t\t\t\t\t<div class=\"captionCell\">\r\n\t\t\t\t\t\t\t\t<div class=\"captionTxt\"><header class=\"header btClear small  btHeadlineDefaultColor btBottomDashDefaultColor\" ><div class=\"btSubTitle\">La For\u00eat des \u00c9cureuils<br \/><br>Accrobranche (parcours dans les arbres), paintball<br \/><br>T\u00e9l. : 06.89.30.92.99<\/div><\/header><div class=\"btClear btSeparator topExtraSmallSpaced bottomExtraSmallSpaced noBorder\" ><hr><\/div><div class=\"btIconImageRow\" ><span class=\"btIco btIcoDefaultType btIcoMediumSize btIcoDefaultColor\"><a href=\"http:\/\/laforetdesecureuils.fr\/\"  target=\"_blank\" data-ico-fa=\"&#xf1bb;\" class=\"btIcoHolder\"><\/a><\/span><\/div><\/div>\r\n\t\t\t\t\t\t\t<\/div>\r\n\t\t\t\t\t\t<\/div>\r\n\t\t\t\t\t<\/div><\/div><\/div><\/div><\/div><div class=\"rowItem col-md-4 col-ms-12 btTextLeft inherit\"  data-width=\"4\"><div class=\"rowItemContent\" ><div class=\"rowItemContentInner\"><div class=\"bpgPhoto  btHasComplexContent\" > \r\n\t\t\t\t\t<a href=\"http:\/\/www.domaine-voie-blanche.com\/\" target=\"_blank\"><\/a>\r\n\t\t\t\t\t<div class=\"boldPhotoBox\"><div class=\"bpbItem\"><div class = \"btImage\"><img decoding=\"async\" src=\"https:\/\/lesdeuxtourssiorac.fr\/wp-content\/uploads\/2019\/04\/gallery-activities-2.jpg\" alt=\"\" ><\/div><\/div><\/div>\r\n\t\t\t\t\t<div class=\"captionPane btDarkSkin\">\r\n\t\t\t\t\t\t<div class=\"captionTable\">\r\n\t\t\t\t\t\t\t<div class=\"captionCell\">\r\n\t\t\t\t\t\t\t\t<div class=\"captionTxt\"><header class=\"header btClear small  btHeadlineDefaultColor btBottomDashDefaultColor\" ><div class=\"btSubTitle\">Domaine de la Voie Blanche<br \/><br>Saint Cyprien<br \/><br>T\u00e9l. : 05.53.29.20.36<\/div><\/header><div class=\"btClear btSeparator topExtraSmallSpaced bottomExtraSmallSpaced noBorder\" ><hr><\/div><div class=\"btIconImageRow\" ><span class=\"btIco btIcoDefaultType btIcoMediumSize btIcoDefaultColor\"><a href=\"http:\/\/www.domaine-voie-blanche.com\/\"  target=\"_blank\" data-ico-fa=\"&#xf06e;\" class=\"btIcoHolder\"><\/a><\/span><\/div><\/div>\r\n\t\t\t\t\t\t\t<\/div>\r\n\t\t\t\t\t\t<\/div>\r\n\t\t\t\t\t<\/div><\/div><\/div><\/div><\/div><div class=\"rowItem col-md-4 col-ms-12 btTextLeft inherit\"  data-width=\"4\"><div class=\"rowItemContent\" ><div class=\"rowItemContentInner\"><div class=\"bpgPhoto  btHasComplexContent\" > \r\n\t\t\t\t\t<a href=\"http:\/\/www.golfdelaforge.fr\/\" target=\"_blank\"><\/a>\r\n\t\t\t\t\t<div class=\"boldPhotoBox\"><div class=\"bpbItem\"><div class = \"btImage\"><img decoding=\"async\" src=\"https:\/\/lesdeuxtourssiorac.fr\/wp-content\/uploads\/2019\/04\/gallery-activities-3.jpg\" alt=\"\" ><\/div><\/div><\/div>\r\n\t\t\t\t\t<div class=\"captionPane btDarkSkin\">\r\n\t\t\t\t\t\t<div class=\"captionTable\">\r\n\t\t\t\t\t\t\t<div class=\"captionCell\">\r\n\t\t\t\t\t\t\t\t<div class=\"captionTxt\"><header class=\"header btClear small  btHeadlineDefaultColor btBottomDashDefaultColor\" ><div class=\"btSubTitle\">Golf de La Forge 9 trous \u00e0 Siorac<br \/><br>R\u00e9duction Green Fee 20%<br \/><br>T\u00e9l. : 05.53.31.99.76<\/p><br><p><\/div><\/header><div class=\"btClear btSeparator topExtraSmallSpaced bottomExtraSmallSpaced noBorder\" ><hr><\/div><div class=\"btIconImageRow\" ><span class=\"btIco btIcoDefaultType btIcoMediumSize btIcoDefaultColor\"><a href=\"http:\/\/www.golfdelaforge.fr\/\"  target=\"_blank\" data-ico-cs=\"&#xe9b2;\" class=\"btIcoHolder\"><\/a><\/span><\/div><\/div>\r\n\t\t\t\t\t\t\t<\/div>\r\n\t\t\t\t\t\t<\/div>\r\n\t\t\t\t\t<\/div><\/div><\/div><\/div><\/div><\/div><\/div><\/div><\/div><\/div><\/section><section id=\"bt_section69f289da3b275\"  class=\"boldSection gutter\" ><div class=\"port\"><div class=\"boldCell\"><div class=\"boldCellInner\"><div class=\"boldRow \" ><div class=\"boldRowInner\"><div class=\"rowItem col-md-4 col-ms-12 btTextLeft\"  data-width=\"4\"><div class=\"rowItemContent\" ><div class=\"rowItemContentInner\"><div class=\"bpgPhoto  btHasComplexContent\" > \r\n\t\t\t\t\t<a href=\"https:\/\/www.lolivariegolfclub.com\/\" target=\"_self\"><\/a>\r\n\t\t\t\t\t<div class=\"boldPhotoBox\"><div class=\"bpbItem\"><div class = \"btImage\"><img decoding=\"async\" src=\"https:\/\/lesdeuxtourssiorac.fr\/wp-content\/uploads\/2019\/04\/gallery-activities-4.jpg\" alt=\"\" ><\/div><\/div><\/div>\r\n\t\t\t\t\t<div class=\"captionPane btDarkSkin\">\r\n\t\t\t\t\t\t<div class=\"captionTable\">\r\n\t\t\t\t\t\t\t<div class=\"captionCell\">\r\n\t\t\t\t\t\t\t\t<div class=\"captionTxt\"><header class=\"header btClear small  btHeadlineDefaultColor btBottomDashDefaultColor\" ><div class=\"btSubTitle\">Golf de l&rsquo;Olivarie 18 trous \u00e0 Siorac<br \/><br>R\u00e9duction Green Fee 25%<br \/><br>T\u00e9l. : 05.53.30.22.69<\/div><\/header><div class=\"btClear btSeparator topExtraSmallSpaced bottomExtraSmallSpaced noBorder\" ><hr><\/div><div class=\"btIconImageRow\" ><span class=\"btIco btIcoDefaultType btIcoMediumSize btIcoDefaultColor\"><a href=\"https:\/\/www.lolivariegolfclub.com\/\"  target=\"_blank\" data-ico-cs=\"&#xe9b2;\" class=\"btIcoHolder\"><\/a><\/span><\/div><\/div>\r\n\t\t\t\t\t\t\t<\/div>\r\n\t\t\t\t\t\t<\/div>\r\n\t\t\t\t\t<\/div><\/div><\/div><\/div><\/div><div class=\"rowItem col-md-4 col-ms-12 btTextLeft inherit\"  data-width=\"4\"><div class=\"rowItemContent\" ><div class=\"rowItemContentInner\"><div class=\"bpgPhoto  btHasComplexContent\" > \r\n\t\t\t\t\t<a href=\"https:\/\/www.lascaux.fr\/\" target=\"_blank\"><\/a>\r\n\t\t\t\t\t<div class=\"boldPhotoBox\"><div class=\"bpbItem\"><div class = \"btImage\"><img decoding=\"async\" src=\"https:\/\/lesdeuxtourssiorac.fr\/wp-content\/uploads\/2019\/04\/gallery-activities-5.jpg\" alt=\"\" ><\/div><\/div><\/div>\r\n\t\t\t\t\t<div class=\"captionPane btDarkSkin\">\r\n\t\t\t\t\t\t<div class=\"captionTable\">\r\n\t\t\t\t\t\t\t<div class=\"captionCell\">\r\n\t\t\t\t\t\t\t\t<div class=\"captionTxt\"><header class=\"header btClear small  btHeadlineDefaultColor btBottomDashDefaultColor\" ><div class=\"btSubTitle\">Revivez l&rsquo;\u00e9pop\u00e9e de Lascaux en 6 dates<br \/><br>Centre International de l&rsquo;art pari\u00e9tal<br \/><br>T\u00e9l. : 05.53.50.99.10<\/div><\/header><div class=\"btClear btSeparator topExtraSmallSpaced bottomExtraSmallSpaced noBorder\" ><hr><\/div><div class=\"btIconImageRow\" ><span class=\"btIco btIcoDefaultType btIcoMediumSize btIcoDefaultColor\"><a href=\"https:\/\/www.lascaux.fr\/\"  target=\"_blank\" data-ico-fa=\"&#xf1b0;\" class=\"btIcoHolder\"><\/a><\/span><\/div><\/div>\r\n\t\t\t\t\t\t\t<\/div>\r\n\t\t\t\t\t\t<\/div>\r\n\t\t\t\t\t<\/div><\/div><\/div><\/div><\/div><div class=\"rowItem col-md-4 col-ms-12 btTextLeft\"  data-width=\"4\"><div class=\"rowItemContent\" ><div class=\"rowItemContentInner\"><div class=\"bpgPhoto  btHasComplexContent\" > \r\n\t\t\t\t\t<a href=\"https:\/\/www.a-canoe-raid.com\/\" target=\"_blank\"><\/a>\r\n\t\t\t\t\t<div class=\"boldPhotoBox\"><div class=\"bpbItem\"><div class = \"btImage\"><img decoding=\"async\" src=\"https:\/\/lesdeuxtourssiorac.fr\/wp-content\/uploads\/2019\/04\/gallery-activities-6.jpg\" alt=\"\" ><\/div><\/div><\/div>\r\n\t\t\t\t\t<div class=\"captionPane btDarkSkin\">\r\n\t\t\t\t\t\t<div class=\"captionTable\">\r\n\t\t\t\t\t\t\t<div class=\"captionCell\">\r\n\t\t\t\t\t\t\t\t<div class=\"captionTxt\"><header class=\"header btClear small  btHeadlineDefaultColor btBottomDashDefaultColor\" ><div class=\"btSubTitle\">A-Cano\u00eb Raid \u00e0 Siorac<br \/><br>R\u00e9duction 10%<br \/><br>T\u00e9l. : 06.07.15.57.43<\/div><\/header><div class=\"btClear btSeparator topExtraSmallSpaced bottomExtraSmallSpaced noBorder\" ><hr><\/div><div class=\"btIconImageRow\" ><span class=\"btIco btIcoDefaultType btIcoMediumSize btIcoDefaultColor\"><a href=\"https:\/\/www.a-canoe-raid.com\/\"  target=\"_blank\" data-ico-cs=\"&#xe9c2;\" class=\"btIcoHolder\"><\/a><\/span><\/div><\/div>\r\n\t\t\t\t\t\t\t<\/div>\r\n\t\t\t\t\t\t<\/div>\r\n\t\t\t\t\t<\/div><\/div><\/div><\/div><\/div><\/div><\/div><\/div><\/div><\/div><\/section><section id=\"bt_section69f289da3bf06\"  class=\"boldSection gutter\" ><div class=\"port\"><div class=\"boldCell\"><div class=\"boldCellInner\"><div class=\"boldRow \" ><div class=\"boldRowInner\"><div class=\"rowItem col-md-12 col-ms-12  btTextLeft\"  data-width=\"12\"><div class=\"rowItemContent\" ><div class=\"rowItemContentInner\"><div class=\"btClear btSeparator topSpaced noBorder\" ><hr><\/div><\/div><\/div><\/div><\/div><\/div><\/div><\/div><\/div><\/section><\/p>\n","protected":false},"excerpt":{"rendered":"","protected":false},"author":1,"featured_media":0,"parent":0,"menu_order":0,"comment_status":"closed","ping_status":"closed","template":"","meta":{"footnotes":""},"class_list":["post-24","page","type-page","status-publish","hentry"],"yoast_head":"<!-- This site is optimized with the Yoast SEO plugin v27.5 - https:\/\/yoast.com\/product\/yoast-seo-wordpress\/ -->\n<title>Activites - Les Deux Tours<\/title>\n<meta name=\"robots\" content=\"noindex, nofollow\" \/>\n<meta property=\"og:locale\" content=\"fr_FR\" \/>\n<meta property=\"og:type\" content=\"article\" \/>\n<meta property=\"og:title\" content=\"Activites - Les Deux Tours\" \/>\n<meta property=\"og:url\" content=\"https:\/\/lesdeuxtourssiorac.fr\/fr\/activites\/\" \/>\n<meta property=\"og:site_name\" content=\"Les Deux Tours\" \/>\n<meta property=\"article:modified_time\" content=\"2025-02-04T14:23:09+00:00\" \/>\n<meta name=\"twitter:card\" content=\"summary_large_image\" \/>\n<meta name=\"twitter:label1\" content=\"Dur\u00e9e de lecture estim\u00e9e\" \/>\n\t<meta name=\"twitter:data1\" content=\"8 minutes\" \/>\n<script type=\"application\/ld+json\" class=\"yoast-schema-graph\">{\"@context\":\"https:\\\/\\\/schema.org\",\"@graph\":[{\"@type\":\"WebPage\",\"@id\":\"https:\\\/\\\/lesdeuxtourssiorac.fr\\\/activites\\\/\",\"url\":\"https:\\\/\\\/lesdeuxtourssiorac.fr\\\/activites\\\/\",\"name\":\"Activites - Les Deux Tours\",\"isPartOf\":{\"@id\":\"https:\\\/\\\/lesdeuxtourssiorac.fr\\\/#website\"},\"datePublished\":\"2019-04-18T10:04:19+00:00\",\"dateModified\":\"2025-02-04T14:23:09+00:00\",\"breadcrumb\":{\"@id\":\"https:\\\/\\\/lesdeuxtourssiorac.fr\\\/activites\\\/#breadcrumb\"},\"inLanguage\":\"fr-FR\",\"potentialAction\":[{\"@type\":\"ReadAction\",\"target\":[\"https:\\\/\\\/lesdeuxtourssiorac.fr\\\/activites\\\/\"]}]},{\"@type\":\"BreadcrumbList\",\"@id\":\"https:\\\/\\\/lesdeuxtourssiorac.fr\\\/activites\\\/#breadcrumb\",\"itemListElement\":[{\"@type\":\"ListItem\",\"position\":1,\"name\":\"Accueil\",\"item\":\"https:\\\/\\\/lesdeuxtourssiorac.fr\\\/\"},{\"@type\":\"ListItem\",\"position\":2,\"name\":\"Activites\"}]},{\"@type\":\"WebSite\",\"@id\":\"https:\\\/\\\/lesdeuxtourssiorac.fr\\\/#website\",\"url\":\"https:\\\/\\\/lesdeuxtourssiorac.fr\\\/\",\"name\":\"Les Deux Tours\",\"description\":\"Chambres d'h&ocirc;tes\",\"potentialAction\":[{\"@type\":\"SearchAction\",\"target\":{\"@type\":\"EntryPoint\",\"urlTemplate\":\"https:\\\/\\\/lesdeuxtourssiorac.fr\\\/?s={search_term_string}\"},\"query-input\":{\"@type\":\"PropertyValueSpecification\",\"valueRequired\":true,\"valueName\":\"search_term_string\"}}],\"inLanguage\":\"fr-FR\"}]}<\/script>\n<!-- \/ Yoast SEO plugin. -->","yoast_head_json":{"title":"Activites - Les Deux Tours","robots":{"index":"noindex","follow":"nofollow"},"og_locale":"fr_FR","og_type":"article","og_title":"Activites - Les Deux Tours","og_url":"https:\/\/lesdeuxtourssiorac.fr\/fr\/activites\/","og_site_name":"Les Deux Tours","article_modified_time":"2025-02-04T14:23:09+00:00","twitter_card":"summary_large_image","twitter_misc":{"Dur\u00e9e de lecture estim\u00e9e":"8 minutes"},"schema":{"@context":"https:\/\/schema.org","@graph":[{"@type":"WebPage","@id":"https:\/\/lesdeuxtourssiorac.fr\/activites\/","url":"https:\/\/lesdeuxtourssiorac.fr\/activites\/","name":"Activites - Les Deux Tours","isPartOf":{"@id":"https:\/\/lesdeuxtourssiorac.fr\/#website"},"datePublished":"2019-04-18T10:04:19+00:00","dateModified":"2025-02-04T14:23:09+00:00","breadcrumb":{"@id":"https:\/\/lesdeuxtourssiorac.fr\/activites\/#breadcrumb"},"inLanguage":"fr-FR","potentialAction":[{"@type":"ReadAction","target":["https:\/\/lesdeuxtourssiorac.fr\/activites\/"]}]},{"@type":"BreadcrumbList","@id":"https:\/\/lesdeuxtourssiorac.fr\/activites\/#breadcrumb","itemListElement":[{"@type":"ListItem","position":1,"name":"Accueil","item":"https:\/\/lesdeuxtourssiorac.fr\/"},{"@type":"ListItem","position":2,"name":"Activites"}]},{"@type":"WebSite","@id":"https:\/\/lesdeuxtourssiorac.fr\/#website","url":"https:\/\/lesdeuxtourssiorac.fr\/","name":"Les Deux Tours","description":"Chambres d'h&ocirc;tes","potentialAction":[{"@type":"SearchAction","target":{"@type":"EntryPoint","urlTemplate":"https:\/\/lesdeuxtourssiorac.fr\/?s={search_term_string}"},"query-input":{"@type":"PropertyValueSpecification","valueRequired":true,"valueName":"search_term_string"}}],"inLanguage":"fr-FR"}]}},"_links":{"self":[{"href":"http:\/\/lesdeuxtourssiorac.fr\/fr\/wp-json\/wp\/v2\/pages\/24","targetHints":{"allow":["GET"]}}],"collection":[{"href":"http:\/\/lesdeuxtourssiorac.fr\/fr\/wp-json\/wp\/v2\/pages"}],"about":[{"href":"http:\/\/lesdeuxtourssiorac.fr\/fr\/wp-json\/wp\/v2\/types\/page"}],"author":[{"embeddable":true,"href":"http:\/\/lesdeuxtourssiorac.fr\/fr\/wp-json\/wp\/v2\/users\/1"}],"replies":[{"embeddable":true,"href":"http:\/\/lesdeuxtourssiorac.fr\/fr\/wp-json\/wp\/v2\/comments?post=24"}],"version-history":[{"count":14,"href":"http:\/\/lesdeuxtourssiorac.fr\/fr\/wp-json\/wp\/v2\/pages\/24\/revisions"}],"predecessor-version":[{"id":688,"href":"http:\/\/lesdeuxtourssiorac.fr\/fr\/wp-json\/wp\/v2\/pages\/24\/revisions\/688"}],"wp:attachment":[{"href":"http:\/\/lesdeuxtourssiorac.fr\/fr\/wp-json\/wp\/v2\/media?parent=24"}],"curies":[{"name":"wp","href":"https:\/\/api.w.org\/{rel}","templated":true}]}}