{"id":41,"date":"2019-04-18T12:19:54","date_gmt":"2019-04-18T10:19:54","guid":{"rendered":"http:\/\/www.lesdeuxtourssiorac.fr\/?page_id=41"},"modified":"2025-02-04T18:26:46","modified_gmt":"2025-02-04T17:26:46","slug":"equipements","status":"publish","type":"page","link":"http:\/\/lesdeuxtourssiorac.fr\/fr\/equipements\/","title":{"rendered":"Equipements"},"content":{"rendered":"<p><section id=\"bt_section69e1d79542cb1\"  class=\"boldSection topSpaced bottomSemiSpaced gutter inherit\" ><div class=\"port\"><div class=\"boldCell\"><div class=\"boldCellInner\"><div class=\"boldRow \" ><div class=\"boldRowInner\"><div class=\"rowItem col-md-12 col-ms-12  btTextLeft btMiddleVertical\"  data-width=\"12\"><div class=\"rowItemContent\" ><div class=\"rowItemContentInner\"><header class=\"header btClear extralarge btDash bottomDash  btHeadlineDefaultColor btBottomDashAccentColor\" ><div class=\"dash\"><div class=\"btSuperTitle\"><span>\u00c9quipements<\/span><\/div><h1><span class=\"headline\">Les petites choses importantes<\/span><\/h1><\/div><div class=\"btSubTitle\">Nous savons, au combien, les petites choses de la vie courante vous sont ch\u00e8res.<br \/><br>C&rsquo;est pourquoi nous avons ajout\u00e9 tout le mat\u00e9riel n\u00e9cessaire dans nos chambres d&rsquo;h\u00f4tes.<\/div><\/header><\/div><\/div><\/div><\/div><\/div><\/div><\/div><\/div><\/section><section id=\"bt_section69e1d79542eb6\" data-parallax=\"0.5\" data-parallax-offset=\"0\" class=\"boldSection bottomSemiSpaced gutter inherit btParallax\" style=\"background-color:#e6e6e6;\"><div class=\"port\"><div class=\"boldCell\"><div class=\"boldCellInner\"><div class=\"boldRow \" ><div class=\"boldRowInner\"><div class=\"rowItem col-md-12 col-ms-12  btTextCenter inherit\"  data-width=\"12\"><div class=\"rowItemContent\" ><div class=\"rowItemContentInner\"><div class=\"bpgPhoto \"  style=\"width: 60px; margin-top: -28px;\"><div class = \"btImage\"><img decoding=\"async\" src=\"https:\/\/lesdeuxtourssiorac.fr\/wp-content\/uploads\/2019\/04\/star-red.png\" alt=\"\" ><\/div><\/div><div class=\"btClear btSeparator topSpaced noBorder\" ><hr><\/div><\/div><\/div><\/div><\/div><\/div><div class=\"boldRow \" ><div class=\"boldRowInner\"><div class=\"rowItem col-md-3 col-sm-6 col-ms-12 btTextLeft inherit btDoublePadding\" style=\"background-color: rgba(255, 255, 255, 1);\" data-width=\"3\"><div class=\"rowItemContent\" ><div class=\"rowItemContentInner\"><div class=\"btClear btSeparator topSmallSpaced bottomSmallSpaced noBorder\" ><hr><\/div><header class=\"header btClear medium btDash topDash  btHeadlineDefaultColor btBottomDashDefaultColor\" ><div class=\"dash\"><div class=\"btSuperTitle\"><span>Les Deux Tours<\/span><\/div><h3><span class=\"headline\">\u00c9quipements<\/span><\/h3><\/div><div class=\"btSubTitle\">Les chambres d&rsquo;h\u00f4tes des &lsquo;Deux Tours&rsquo; offre un grand nombre d&rsquo;\u00e9quipements qui faciliteront votre s\u00e9jour.<\/p><br><p>Voici un aper\u00e7u de ce qui vous attend si vous d\u00e9cidez de nous rejoindre.<\/div><\/header><div class=\"btClear btSeparator topSmallSpaced bottomExtraSmallSpaced noBorder\" ><hr><\/div><div class=\"btIconImageRow\" ><div class=\"bpgPhoto \" ><div class = \"btImage\"><img decoding=\"async\" src=\"https:\/\/lesdeuxtourssiorac.fr\/wp-content\/uploads\/2019\/04\/owners.jpg\" alt=\"\" ><\/div><\/div><\/div><a href=\"http:\/\/lesdeuxtourssiorac.fr\/fr\/contact\/\" class=\"btBtn btBtn btnOutlineStyle btnAccentColor btnSmall btnNormalWidth btnLeftPosition btnNoIcon\"  target=\"_self\"><span class=\"btnInnerText\">-Annick &amp; Vincent-<\/span><\/a><div class=\"btClear btSeparator topSmallSpaced bottomSpaced noBorder\" ><hr><\/div><\/div><\/div><\/div><div class=\"rowItem col-md-9 col-ms-12  btTextLeft inherit\"  data-width=\"9\"><div class=\"rowItemContent\" ><div class=\"rowItemContentInner\"><div class=\"boldRow \" ><div class=\"boldRowInner\"><div class=\"rowItem rowInnerItem col-ms-4  btTextLeft inherit btTextIndent\"  ><div class=\"rowItemContent\"><div class=\"rowItemContentInner\"><div class=\"btIconImageRow\" ><span class=\"btIco btIcoDefaultType btIcoLargeSize btIcoAccentColor\"><span  data-ico-cs=\"&#xe9b1;\" class=\"btIcoHolder\"><\/span><\/span><\/div><div class=\"btClear btSeparator topSmallSpaced noBorder\" ><hr><\/div><header class=\"header btClear small btDash bottomDash  btHeadlineDefaultColor btBottomDashAccentColor\" ><div class=\"dash\"><h4><span class=\"headline\">Jeux pour enfants<\/span><\/h4><\/div><div class=\"btSubTitle\">Nous avons pens\u00e9 aux plus jeunes en installant sur place un portique toboggan, une table de ping-pong, un molky, un jeu de fl\u00e9chettes.<br \/><br>Grand nombre de jeux de soci\u00e9t\u00e9s disponibles.<\/div><\/header><div class=\"btClear btSeparator topSemiSpaced noBorder\" ><hr><\/div><\/div><\/div><\/div><div class=\"rowItem rowInnerItem col-ms-4  btTextLeft inherit btTextIndent\"  ><div class=\"rowItemContent\"><div class=\"rowItemContentInner\"><div class=\"btIconImageRow\" ><span class=\"btIco btIcoDefaultType btIcoLargeSize btIcoAccentColor\"><span  data-ico-cs=\"&#xea53;\" class=\"btIcoHolder\"><\/span><\/span><\/div><div class=\"btClear btSeparator topSmallSpaced noBorder\" ><hr><\/div><header class=\"header btClear small btDash bottomDash  btHeadlineDefaultColor btBottomDashAccentColor\" ><div class=\"dash\"><h4><span class=\"headline\">Wifi<\/span><\/h4><\/div><div class=\"btSubTitle\">Reposez-vous ou faites un peu de travail si vous en avez besoin. Wifi gratuit disponible. (Fibre 500 Mo)<\/div><\/header><div class=\"btClear btSeparator topSemiSpaced noBorder\" ><hr><\/div><\/div><\/div><\/div><div class=\"rowItem rowInnerItem col-ms-4  btTextLeft inherit btTextIndent\"  ><div class=\"rowItemContent\"><div class=\"rowItemContentInner\"><div class=\"btIconImageRow\" ><span class=\"btIco btIcoDefaultType btIcoLargeSize btIcoAccentColor\"><span  data-ico-ha=\"&#xf122;\" class=\"btIcoHolder\"><\/span><\/span><\/div><div class=\"btClear btSeparator topSmallSpaced noBorder\" ><hr><\/div><header class=\"header btClear small btDash bottomDash  btHeadlineDefaultColor btBottomDashAccentColor\" ><div class=\"dash\"><h4><span class=\"headline\">Linge de maison<\/span><\/h4><\/div><div class=\"btSubTitle\">Le linge de maison est fourni ainsi que les serviettes de piscine. Aucun suppl\u00e9ment ne vous sera factur\u00e9.<\/div><\/header><div class=\"btClear btSeparator topSemiSpaced noBorder\" ><hr><\/div><\/div><\/div><\/div><\/div><\/div><div class=\"boldRow \" ><div class=\"boldRowInner\"><div class=\"rowItem rowInnerItem col-ms-4  btTextLeft inherit btTextIndent\"  ><div class=\"rowItemContent\"><div class=\"rowItemContentInner\"><div class=\"btIconImageRow\" ><span class=\"btIco btIcoDefaultType btIcoLargeSize btIcoAccentColor\"><span  data-ico-cs=\"&#xea32;\" class=\"btIcoHolder\"><\/span><\/span><\/div><div class=\"btClear btSeparator topSmallSpaced noBorder\" ><hr><\/div><header class=\"header btClear small btDash bottomDash  btHeadlineDefaultColor btBottomDashAccentColor\" ><div class=\"dash\"><h4><span class=\"headline\">Commerces<\/span><\/h4><\/div><div class=\"btSubTitle\">\u00c0 partir de chez nous, retrouver tous les commerces (supermarch\u00e9 Market, march\u00e9 des producteurs locaux) et restaurants \u00e0 5mn en voiture.<\/div><\/header><div class=\"btClear btSeparator topSemiSpaced noBorder\" ><hr><\/div><\/div><\/div><\/div><div class=\"rowItem rowInnerItem col-ms-4  btTextLeft inherit btTextIndent\"  ><div class=\"rowItemContent\"><div class=\"rowItemContentInner\"><div class=\"btIconImageRow\" ><span class=\"btIco btIcoDefaultType btIcoLargeSize btIcoAccentColor\"><span  data-ico-cs=\"&#xea36;\" class=\"btIcoHolder\"><\/span><\/span><\/div><div class=\"btClear btSeparator topSmallSpaced noBorder\" ><hr><\/div><header class=\"header btClear small btDash bottomDash  btHeadlineDefaultColor btBottomDashAccentColor\" ><div class=\"dash\"><h4><span class=\"headline\">\u00c9lectrom\u00e9nager<\/span><\/h4><\/div><div class=\"btSubTitle\">Micro ondes et barbecue \u00e0 disposition.<\/p><br><p>Sur demande pr\u00eat d&rsquo;un fer et table \u00e0 repasser, pour notamment les mariages et Machine \u00e0 laver\/ s\u00e8che linge pour long s\u00e9jour.<\/div><\/header><div class=\"btClear btSeparator topSemiSpaced noBorder\" ><hr><\/div><\/div><\/div><\/div><div class=\"rowItem rowInnerItem col-ms-4  btTextLeft inherit btTextIndent\"  ><div class=\"rowItemContent\"><div class=\"rowItemContentInner\"><div class=\"btIconImageRow\" ><span class=\"btIco btIcoDefaultType btIcoLargeSize btIcoAccentColor\"><span  data-ico-ha=\"&#xf142;\" class=\"btIcoHolder\"><\/span><\/span><\/div><div class=\"btClear btSeparator topSmallSpaced noBorder\" ><hr><\/div><header class=\"header btClear small btDash bottomDash  btHeadlineDefaultColor btBottomDashAccentColor\" ><div class=\"dash\"><h4><span class=\"headline\">Parking priv\u00e9<\/span><\/h4><\/div><div class=\"btSubTitle\">Votre voiture sera en s\u00e9curit\u00e9 sur notre parking priv\u00e9 juste \u00e0 c\u00f4t\u00e9 des chambres d&rsquo;h\u00f4tes.<\/p><br><p>Rechargement possible voitures \u00e9lectriques sur prise normale.<\/p><br><p>Parking privatif prot\u00e9g\u00e9 pour les motos et v\u00e9los.<\/p><br><p><\/div><\/header><div class=\"btClear btSeparator topSemiSpaced noBorder\" ><hr><\/div><\/div><\/div><\/div><\/div><\/div><div class=\"boldRow \" ><div class=\"boldRowInner\"><div class=\"rowItem rowInnerItem col-ms-4  btTextLeft inherit btTextIndent\"  ><div class=\"rowItemContent\"><div class=\"rowItemContentInner\"><div class=\"btIconImageRow\" ><span class=\"btIco btIcoDefaultType btIcoLargeSize btIcoAccentColor\"><span  data-ico-cs=\"&#xea1c;\" class=\"btIcoHolder\"><\/span><\/span><\/div><div class=\"btClear btSeparator topSmallSpaced noBorder\" ><hr><\/div><header class=\"header btClear small btDash bottomDash  btHeadlineDefaultColor btBottomDashAccentColor\" ><div class=\"dash\"><h4><span class=\"headline\">Piscine<\/span><\/h4><\/div><div class=\"btSubTitle\">Vous avez un acc\u00e8s \u00e0 la piscine priv\u00e9e pour vous reposer et d\u00e9lasser apr\u00e8s une belle journ\u00e9e de visite.<br \/><br>Horaires d&rsquo;ouverture : 8h 30 \/20h30<\/div><\/header><div class=\"btClear btSeparator topSemiSpaced noBorder\" ><hr><\/div><\/div><\/div><\/div><div class=\"rowItem rowInnerItem col-ms-4  btTextLeft inherit btTextIndent\"  ><div class=\"rowItemContent\"><div class=\"rowItemContentInner\"><div class=\"btIconImageRow\" ><span class=\"btIco btIcoDefaultType btIcoLargeSize btIcoAccentColor\"><span  data-ico-cs=\"&#xe91d;\" class=\"btIcoHolder\"><\/span><\/span><\/div><div class=\"btClear btSeparator topSmallSpaced noBorder\" ><hr><\/div><header class=\"header btClear small btDash bottomDash  btHeadlineDefaultColor btBottomDashAccentColor\" ><div class=\"dash\"><h4><span class=\"headline\">Acc\u00e8s biblioth\u00e8que<\/span><\/h4><\/div><div class=\"btSubTitle\">Vous avez acc\u00e8s \u00e0 notre biblioth\u00e8que personnelle dans l\u2019espace commun aux chambres d&rsquo;h\u00f4tes. Collection de bandes dessin\u00e9es enfants et adultes, romans et livres policiers \u00e0 disposition.<\/div><\/header><div class=\"btClear btSeparator topSemiSpaced noBorder\" ><hr><\/div><\/div><\/div><\/div><div class=\"rowItem rowInnerItem col-ms-4  btTextLeft inherit btTextIndent\"  ><div class=\"rowItemContent\"><div class=\"rowItemContentInner\"><\/div><\/div><\/div><\/div><\/div><\/div><\/div><\/div><\/div><\/div><\/div><\/div><\/div><\/section><\/p>\n","protected":false},"excerpt":{"rendered":"","protected":false},"author":1,"featured_media":0,"parent":0,"menu_order":0,"comment_status":"closed","ping_status":"closed","template":"","meta":{"footnotes":""},"class_list":["post-41","page","type-page","status-publish","hentry"],"yoast_head":"<!-- This site is optimized with the Yoast SEO plugin v27.4 - https:\/\/yoast.com\/product\/yoast-seo-wordpress\/ -->\n<title>Equipements - Les Deux Tours<\/title>\n<meta name=\"robots\" content=\"noindex, nofollow\" \/>\n<meta property=\"og:locale\" content=\"fr_FR\" \/>\n<meta property=\"og:type\" content=\"article\" \/>\n<meta property=\"og:title\" content=\"Equipements - Les Deux Tours\" \/>\n<meta property=\"og:url\" content=\"https:\/\/lesdeuxtourssiorac.fr\/fr\/equipements\/\" \/>\n<meta property=\"og:site_name\" content=\"Les Deux Tours\" \/>\n<meta property=\"article:modified_time\" content=\"2025-02-04T17:26:46+00:00\" \/>\n<meta name=\"twitter:card\" content=\"summary_large_image\" \/>\n<meta name=\"twitter:label1\" content=\"Dur\u00e9e de lecture estim\u00e9e\" \/>\n\t<meta name=\"twitter:data1\" content=\"2 minutes\" \/>\n<script type=\"application\/ld+json\" class=\"yoast-schema-graph\">{\"@context\":\"https:\\\/\\\/schema.org\",\"@graph\":[{\"@type\":\"WebPage\",\"@id\":\"https:\\\/\\\/lesdeuxtourssiorac.fr\\\/equipements\\\/\",\"url\":\"https:\\\/\\\/lesdeuxtourssiorac.fr\\\/equipements\\\/\",\"name\":\"Equipements - Les Deux Tours\",\"isPartOf\":{\"@id\":\"https:\\\/\\\/lesdeuxtourssiorac.fr\\\/#website\"},\"datePublished\":\"2019-04-18T10:19:54+00:00\",\"dateModified\":\"2025-02-04T17:26:46+00:00\",\"breadcrumb\":{\"@id\":\"https:\\\/\\\/lesdeuxtourssiorac.fr\\\/equipements\\\/#breadcrumb\"},\"inLanguage\":\"fr-FR\",\"potentialAction\":[{\"@type\":\"ReadAction\",\"target\":[\"https:\\\/\\\/lesdeuxtourssiorac.fr\\\/equipements\\\/\"]}]},{\"@type\":\"BreadcrumbList\",\"@id\":\"https:\\\/\\\/lesdeuxtourssiorac.fr\\\/equipements\\\/#breadcrumb\",\"itemListElement\":[{\"@type\":\"ListItem\",\"position\":1,\"name\":\"Accueil\",\"item\":\"https:\\\/\\\/lesdeuxtourssiorac.fr\\\/\"},{\"@type\":\"ListItem\",\"position\":2,\"name\":\"Equipements\"}]},{\"@type\":\"WebSite\",\"@id\":\"https:\\\/\\\/lesdeuxtourssiorac.fr\\\/#website\",\"url\":\"https:\\\/\\\/lesdeuxtourssiorac.fr\\\/\",\"name\":\"Les Deux Tours\",\"description\":\"Chambres d'h&ocirc;tes\",\"potentialAction\":[{\"@type\":\"SearchAction\",\"target\":{\"@type\":\"EntryPoint\",\"urlTemplate\":\"https:\\\/\\\/lesdeuxtourssiorac.fr\\\/?s={search_term_string}\"},\"query-input\":{\"@type\":\"PropertyValueSpecification\",\"valueRequired\":true,\"valueName\":\"search_term_string\"}}],\"inLanguage\":\"fr-FR\"}]}<\/script>\n<!-- \/ Yoast SEO plugin. -->","yoast_head_json":{"title":"Equipements - Les Deux Tours","robots":{"index":"noindex","follow":"nofollow"},"og_locale":"fr_FR","og_type":"article","og_title":"Equipements - Les Deux Tours","og_url":"https:\/\/lesdeuxtourssiorac.fr\/fr\/equipements\/","og_site_name":"Les Deux Tours","article_modified_time":"2025-02-04T17:26:46+00:00","twitter_card":"summary_large_image","twitter_misc":{"Dur\u00e9e de lecture estim\u00e9e":"2 minutes"},"schema":{"@context":"https:\/\/schema.org","@graph":[{"@type":"WebPage","@id":"https:\/\/lesdeuxtourssiorac.fr\/equipements\/","url":"https:\/\/lesdeuxtourssiorac.fr\/equipements\/","name":"Equipements - Les Deux Tours","isPartOf":{"@id":"https:\/\/lesdeuxtourssiorac.fr\/#website"},"datePublished":"2019-04-18T10:19:54+00:00","dateModified":"2025-02-04T17:26:46+00:00","breadcrumb":{"@id":"https:\/\/lesdeuxtourssiorac.fr\/equipements\/#breadcrumb"},"inLanguage":"fr-FR","potentialAction":[{"@type":"ReadAction","target":["https:\/\/lesdeuxtourssiorac.fr\/equipements\/"]}]},{"@type":"BreadcrumbList","@id":"https:\/\/lesdeuxtourssiorac.fr\/equipements\/#breadcrumb","itemListElement":[{"@type":"ListItem","position":1,"name":"Accueil","item":"https:\/\/lesdeuxtourssiorac.fr\/"},{"@type":"ListItem","position":2,"name":"Equipements"}]},{"@type":"WebSite","@id":"https:\/\/lesdeuxtourssiorac.fr\/#website","url":"https:\/\/lesdeuxtourssiorac.fr\/","name":"Les Deux Tours","description":"Chambres d'h&ocirc;tes","potentialAction":[{"@type":"SearchAction","target":{"@type":"EntryPoint","urlTemplate":"https:\/\/lesdeuxtourssiorac.fr\/?s={search_term_string}"},"query-input":{"@type":"PropertyValueSpecification","valueRequired":true,"valueName":"search_term_string"}}],"inLanguage":"fr-FR"}]}},"_links":{"self":[{"href":"http:\/\/lesdeuxtourssiorac.fr\/fr\/wp-json\/wp\/v2\/pages\/41","targetHints":{"allow":["GET"]}}],"collection":[{"href":"http:\/\/lesdeuxtourssiorac.fr\/fr\/wp-json\/wp\/v2\/pages"}],"about":[{"href":"http:\/\/lesdeuxtourssiorac.fr\/fr\/wp-json\/wp\/v2\/types\/page"}],"author":[{"embeddable":true,"href":"http:\/\/lesdeuxtourssiorac.fr\/fr\/wp-json\/wp\/v2\/users\/1"}],"replies":[{"embeddable":true,"href":"http:\/\/lesdeuxtourssiorac.fr\/fr\/wp-json\/wp\/v2\/comments?post=41"}],"version-history":[{"count":18,"href":"http:\/\/lesdeuxtourssiorac.fr\/fr\/wp-json\/wp\/v2\/pages\/41\/revisions"}],"predecessor-version":[{"id":728,"href":"http:\/\/lesdeuxtourssiorac.fr\/fr\/wp-json\/wp\/v2\/pages\/41\/revisions\/728"}],"wp:attachment":[{"href":"http:\/\/lesdeuxtourssiorac.fr\/fr\/wp-json\/wp\/v2\/media?parent=41"}],"curies":[{"name":"wp","href":"https:\/\/api.w.org\/{rel}","templated":true}]}}