{"id":50,"date":"2019-04-18T12:28:01","date_gmt":"2019-04-18T10:28:01","guid":{"rendered":"http:\/\/www.lesdeuxtourssiorac.fr\/?page_id=50"},"modified":"2025-03-28T09:42:17","modified_gmt":"2025-03-28T08:42:17","slug":"contact","status":"publish","type":"page","link":"http:\/\/lesdeuxtourssiorac.fr\/fr\/contact\/","title":{"rendered":"Contact"},"content":{"rendered":"<p><section id=\"bt_section69f2720d9bfc8\"  class=\"boldSection topSpaced gutter inherit\" ><div class=\"port\"><div class=\"boldCell\"><div class=\"boldCellInner\"><div class=\"boldRow \" ><div class=\"boldRowInner\"><div class=\"rowItem col-md-12 col-ms-12  btTextLeft btMiddleVertical\"  data-width=\"12\"><div class=\"rowItemContent\" ><div class=\"rowItemContentInner\"><header class=\"header btClear extralarge btDash bottomDash  btHeadlineDefaultColor btBottomDashAccentColor\" ><div class=\"dash\"><div class=\"btSuperTitle\"><span>Contact<\/span><\/div><h1><span class=\"headline\">Demande de renseignements<\/span><\/h1><\/div><div class=\"btSubTitle\">Pour toute demande de r\u00e9servation ou de renseignements, vous pouvez nous contacter via ce formulaire.<\/div><\/header><\/div><\/div><\/div><\/div><\/div><\/div><\/div><\/div><\/section><section id=\"bt_section69f2720d9c276\"  class=\"boldSection bottomSmallSpaced gutter inherit\" ><div class=\"port\"><div class=\"boldCell\"><div class=\"boldCellInner\"><div class=\"boldRow \" ><div class=\"boldRowInner\"><div class=\"rowItem col-md-4 col-ms-12 btTextLeft btTextIndent btTopVertical btDoublePadding\"  data-width=\"4\"><div class=\"rowItemContent\" background-color: rgba(229, 229, 229, 1); ><div class=\"rowItemContentInner\"><div class=\"btClear btSeparator bottomSmallSpaced noBorder\" ><hr><\/div><header class=\"header btClear medium btDash topDash  btHeadlineDefaultColor btBottomDashAccentColor\" ><div class=\"dash\"><div class=\"btSuperTitle\"><span>Contact<\/span><\/div><h3><span class=\"headline\">Les Deux Tours<\/span><\/h3><\/div><div class=\"btSubTitle\">ITIN\u00c9RAIRE : (44.8059228 , 0.9796044)<\/p><br><p>L\u2019acc\u00e8s est fl\u00e9ch\u00e9 (en vert) depuis le bourg de Siorac.<\/p><br><p>Une fois la voie ferr\u00e9e travers\u00e9e, prendre imm\u00e9diatement \u00e0 droite, puis la deuxi\u00e8me rue \u00e0 gauche \u201cRoute du Pradal\u201d, monter jusqu\u2019en haut de la c\u00f4te, deux possibilit\u00e9s :<br \/><br>&#8211; tout droit plus court \u201cchemin noir\u201d ou<br \/><br>&#8211; \u00e0 gauche \u201crue du bout de la c\u00f4te\u201d.<\/p><br><p>Au sommet, au croisement prendre \u00e0 droite, suivre la route de la cr\u00eate pendant 1,5 km et tourner \u00e0 droite au panneau indiquant &lsquo;Les Deux Tours&rsquo; et impasse de Barthalem.<\/p><br><p>Passer entre les 3 maisons r\u00e9nov\u00e9es, arriv\u00e9e au parking 50m apr\u00e8s.<\/div><\/header><div class=\"btClear btSeparator bottomSmallSpaced noBorder\" ><hr><\/div><\/div><\/div><\/div><div class=\"rowItem col-md-8 col-ms-12 btTextLeft inherit btDoublePadding\"  data-width=\"8\"><div class=\"rowItemContent\" background-color: rgba(241, 241, 241, 1); ><div class=\"rowItemContentInner\"><div class=\"btText\" ><\/p>\n<div class=\"forminator-ui forminator-custom-form forminator-custom-form-852 forminator-design--default  forminator_ajax\" data-forminator-render=\"0\" data-form=\"forminator-module-852\" data-uid=\"69f2720d9c569\"><\/div>\n<form\n\t\t\t\tid=\"forminator-module-852\"\n\t\t\t\tclass=\"forminator-ui forminator-custom-form forminator-custom-form-852 forminator-design--default  forminator_ajax\"\n\t\t\t\tmethod=\"post\"\n\t\t\t\tdata-forminator-render=\"0\"\n\t\t\t\tdata-form-id=\"852\"\n\t\t\t\t data-color-option=\"default\" data-design=\"default\" data-grid=\"open\" style=\"display: none;\"\n\t\t\t\tdata-uid=\"69f2720d9c569\"\n\t\t\t><\/p>\n<div role=\"alert\" aria-live=\"polite\" class=\"forminator-response-message forminator-error\" aria-hidden=\"true\"><\/div>\n<div class=\"forminator-row\">\n<div id=\"select-1\" class=\"forminator-field-select forminator-col forminator-col-12 \">\n<div class=\"forminator-field\"><label for=\"forminator-form-852__field--select-1_69f2720d9c569\" id=\"forminator-form-852__field--select-1_69f2720d9c569-label\" class=\"forminator-label\">Motif de contact<\/label><select  id=\"forminator-form-852__field--select-1_69f2720d9c569\" class=\"forminator-select--field forminator-select2 forminator-select2-multiple\" data-required=\"\" name=\"select-1\" data-default-value=\"\" data-hidden-behavior=\"zero\" data-placeholder=\"\" data-search=\"false\" data-search-placeholder=\"\" data-checkbox=\"false\" data-allow-clear=\"false\" aria-labelledby=\"forminator-form-852__field--select-1_69f2720d9c569-label\"><option value=\"one\"  data-calculation=\"0\">Demande de renseignements<\/option><option value=\"two\"  data-calculation=\"0\">Demande de r\u00e9servation<\/option><option value=\"three\"  data-calculation=\"0\">Autre demande<\/option><\/select><\/div>\n<\/div>\n<\/div>\n<div class=\"forminator-row\">\n<div id=\"select-2\" class=\"forminator-field-select forminator-col forminator-col-12 \">\n<div class=\"forminator-field\"><label for=\"forminator-form-852__field--select-2_69f2720d9c569\" id=\"forminator-form-852__field--select-2_69f2720d9c569-label\" class=\"forminator-label\">Choix de la chambre souhait\u00e9e<\/label><select  id=\"forminator-form-852__field--select-2_69f2720d9c569\" class=\"forminator-select--field forminator-select2 forminator-select2-multiple\" data-required=\"\" name=\"select-2\" data-default-value=\"\" data-hidden-behavior=\"zero\" data-placeholder=\"Sous r\u00e9serve de disponibilit\u00e9\" data-search=\"false\" data-search-placeholder=\"Sous r\u00e9serve de disponibilit\u00e9\" data-checkbox=\"false\" data-allow-clear=\"false\" aria-labelledby=\"forminator-form-852__field--select-2_69f2720d9c569-label\" aria-describedby=\"forminator-form-852__field--select-2_69f2720d9c569-description\"><option value=\"\"  >Sous r\u00e9serve de disponibilit\u00e9<\/option><option value=\"one\"  data-calculation=\"0\">Azemmour<\/option><option value=\"two\"  data-calculation=\"0\">Kedisha<\/option><option value=\"three\"  data-calculation=\"0\">Pondichery<\/option><option value=\"four\"  data-calculation=\"0\">Toutes les chambres (8 personnes)<\/option><\/select><span id=\"forminator-form-852__field--select-2_69f2720d9c569-description\" class=\"forminator-description\">Facultatif<\/span><\/div>\n<\/div>\n<\/div>\n<div class=\"forminator-row\">\n<div id=\"name-1\" class=\"forminator-field-name forminator-col forminator-col-6 \">\n<div class=\"forminator-field\"><label for=\"forminator-field-name-1_69f2720d9c569\" id=\"forminator-field-name-1_69f2720d9c569-label\" class=\"forminator-label\">Pr\u00e9nom <span class=\"forminator-required\">*<\/span><\/label><input type=\"text\" name=\"name-1\" value=\"\" placeholder=\"Ex.\u00a0: Vincent\" id=\"forminator-field-name-1_69f2720d9c569\" class=\"forminator-input forminator-name--field\" aria-required=\"true\" autocomplete=\"name\" \/><\/div>\n<\/div>\n<div id=\"name-2\" class=\"forminator-field-name forminator-col forminator-col-6 \">\n<div class=\"forminator-field\"><label for=\"forminator-field-name-2_69f2720d9c569\" id=\"forminator-field-name-2_69f2720d9c569-label\" class=\"forminator-label\">Nom <span class=\"forminator-required\">*<\/span><\/label><input type=\"text\" name=\"name-2\" value=\"\" placeholder=\"Ex.\u00a0: Bellard\" id=\"forminator-field-name-2_69f2720d9c569\" class=\"forminator-input forminator-name--field\" aria-required=\"true\" autocomplete=\"name\" \/><\/div>\n<\/div>\n<\/div>\n<div class=\"forminator-row\">\n<div id=\"email-1\" class=\"forminator-field-email forminator-col forminator-col-6 \">\n<div class=\"forminator-field\"><label for=\"forminator-field-email-1_69f2720d9c569\" id=\"forminator-field-email-1_69f2720d9c569-label\" class=\"forminator-label\">Adresse de messagerie <span class=\"forminator-required\">*<\/span><\/label><input type=\"email\" name=\"email-1\" value=\"\" placeholder=\"Ex.\u00a0: contact@lesdeuxtourssiorac.fr\" id=\"forminator-field-email-1_69f2720d9c569\" class=\"forminator-input forminator-email--field\" data-required=\"true\" aria-required=\"true\" autocomplete=\"email\" \/><\/div>\n<\/div>\n<div id=\"phone-1\" class=\"forminator-field-phone forminator-col forminator-col-6 \">\n<div class=\"forminator-field\"><label for=\"forminator-field-phone-1_69f2720d9c569\" id=\"forminator-field-phone-1_69f2720d9c569-label\" class=\"forminator-label\">Num\u00e9ro de t\u00e9l\u00e9phone<\/label><input type=\"text\" name=\"phone-1\" value=\"\" placeholder=\"Ex.\u00a0: 01 02 03 04 05\" id=\"forminator-field-phone-1_69f2720d9c569\" class=\"forminator-input forminator-field--phone\" data-required=\"\" aria-required=\"false\" autocomplete=\"off\" \/><\/div>\n<\/div>\n<\/div>\n<div class=\"forminator-row\">\n<div id=\"date-1\" class=\"forminator-field-date forminator-col forminator-col-6 \">\n<div class=\"forminator-field\"><label for=\"forminator-field-date-1-picker_69f2720d9c569\" id=\"forminator-field-date-1-picker_69f2720d9c569-label\" class=\"forminator-label\">Date d&#039;arriv\u00e9e souhait\u00e9e<\/label><\/p>\n<div class=\"forminator-input-with-icon\"><span class=\"forminator-icon-calendar\" aria-hidden=\"true\"><\/span><input autocomplete=\"off\" type=\"text\" size=\"1\" name=\"date-1\" value=\"29\/04\/2026\" placeholder=\"Choisissez une date\" id=\"forminator-field-date-1-picker_69f2720d9c569\" class=\"forminator-input forminator-datepicker\" data-required=\"\" data-format=\"dd\/mm\/yy\" data-restrict-type=\"week\" data-restrict=\"0,1,2,3,4,5\" data-start-year=\"1926\" data-end-year=\"2126\" data-past-dates=\"enable\" data-start-of-week=\"1\" data-start-date=\"\" data-end-date=\"\" data-start-field=\"\" data-end-field=\"\" data-start-offset=\"\" data-end-offset=\"\" data-disable-date=\"\" data-disable-range=\"\" \/><\/div>\n<\/div>\n<\/div>\n<div id=\"date-2\" class=\"forminator-field-date forminator-col forminator-col-6 \">\n<div class=\"forminator-field\"><label for=\"forminator-field-date-2-picker_69f2720d9c569\" id=\"forminator-field-date-2-picker_69f2720d9c569-label\" class=\"forminator-label\">Date de d\u00e9part souhait\u00e9e<\/label><\/p>\n<div class=\"forminator-input-with-icon\"><span class=\"forminator-icon-calendar\" aria-hidden=\"true\"><\/span><input autocomplete=\"off\" type=\"text\" size=\"1\" name=\"date-2\" value=\"29\/04\/2026\" placeholder=\"Choisissez une date\" id=\"forminator-field-date-2-picker_69f2720d9c569\" class=\"forminator-input forminator-datepicker\" data-required=\"\" data-format=\"dd\/mm\/yy\" data-restrict-type=\"week\" data-restrict=\"0,1,2,3,4,5\" data-start-year=\"1926\" data-end-year=\"2126\" data-past-dates=\"enable\" data-start-of-week=\"1\" data-start-date=\"\" data-end-date=\"\" data-start-field=\"\" data-end-field=\"\" data-start-offset=\"\" data-end-offset=\"\" data-disable-date=\"\" data-disable-range=\"\" \/><\/div>\n<\/div>\n<\/div>\n<\/div>\n<div class=\"forminator-row\">\n<div id=\"slider-1\" class=\"forminator-field-slider forminator-col forminator-col-6 \">\n<div class=\"forminator-field\"><label for=\"forminator-field-slider-1_69f2720d9c569\" id=\"forminator-field-slider-1_69f2720d9c569-label\" class=\"forminator-label\">Nombre d&#039;enfants <span class=\"forminator-required\">*<\/span><\/label><\/p>\n<div class=\"forminator-slider forminator-slider-full forminator-slider-size-small\"><input type=\"text\" id=\"forminator-field-slider-1_69f2720d9c569\" class=\"forminator-hidden-input\" style=\"display:none;\"\/><\/p>\n<div class=\"forminator-slide forminator-slide-handle-icon\" aria-required=\"true\" data-is-range=\"\" data-min=\"0\" data-max=\"10\" data-step=\"1\" data-value=\"0\"><\/div>\n<div class=\"forminator-slider-amount forminator-slider-amount-bottom\" data-value-template=\"{slider-value}\"><span class=\"forminator-slider-value-min\"><\/span><input type=\"hidden\" value=\"\" data-hidden-behavior=\"zero\" id=\"forminator-field-slider-1-input_69f2720d9c569\" name=\"slider-1\" class=\"forminator-slider-hidden-min\" \/><\/div>\n<\/div>\n<\/div>\n<\/div>\n<div id=\"slider-2\" class=\"forminator-field-slider forminator-col forminator-col-6 \">\n<div class=\"forminator-field\"><label for=\"forminator-field-slider-2_69f2720d9c569\" id=\"forminator-field-slider-2_69f2720d9c569-label\" class=\"forminator-label\">Nombre d&#039;adultes <span class=\"forminator-required\">*<\/span><\/label><\/p>\n<div class=\"forminator-slider forminator-slider-full forminator-slider-size-small\"><input type=\"text\" id=\"forminator-field-slider-2_69f2720d9c569\" class=\"forminator-hidden-input\" style=\"display:none;\"\/><\/p>\n<div class=\"forminator-slide forminator-slide-handle-icon\" aria-required=\"true\" data-is-range=\"\" data-min=\"0\" data-max=\"10\" data-step=\"1\" data-value=\"0\"><\/div>\n<div class=\"forminator-slider-amount forminator-slider-amount-bottom\" data-value-template=\"{slider-value}\"><span class=\"forminator-slider-value-min\"><\/span><input type=\"hidden\" value=\"\" data-hidden-behavior=\"zero\" id=\"forminator-field-slider-2-input_69f2720d9c569\" name=\"slider-2\" class=\"forminator-slider-hidden-min\" \/><\/div>\n<\/div>\n<\/div>\n<\/div>\n<\/div>\n<div class=\"forminator-row\">\n<div id=\"textarea-1\" class=\"forminator-field-textarea forminator-col forminator-col-12 \">\n<div class=\"forminator-field\"><label for=\"forminator-field-textarea-1_69f2720d9c569\" id=\"forminator-field-textarea-1_69f2720d9c569-label\" class=\"forminator-label\">Message <span class=\"forminator-required\">*<\/span><\/label><textarea name=\"textarea-1\" placeholder=\"Saisissez votre message \u2026\" id=\"forminator-field-textarea-1_69f2720d9c569\" class=\"forminator-textarea\" rows=\"6\" style=\"--forminator-textarea-min-height:140px;\" maxlength=\"180\" ><\/textarea><span id=\"forminator-field-textarea-1_69f2720d9c569-description\" class=\"forminator-description\"><span data-limit=\"180\" data-type=\"characters\" data-editor=\"\">0 \/ 180<\/span><\/span><\/div>\n<\/div>\n<\/div>\n<p><input type=\"hidden\" name=\"referer_url\" value=\"\" \/><\/p>\n<div class=\"forminator-row forminator-row-last\">\n<div class=\"forminator-col\">\n<div class=\"forminator-field\"><button class=\"forminator-button forminator-button-submit\">Envoyer le message<\/button><\/div>\n<\/div>\n<\/div>\n<p><input type=\"hidden\" id=\"forminator_nonce\" name=\"forminator_nonce\" value=\"801bb35cb6\" \/><input type=\"hidden\" name=\"_wp_http_referer\" value=\"\/fr\/wp-json\/wp\/v2\/pages\/50\" \/><input type=\"hidden\" name=\"form_id\" value=\"852\"><input type=\"hidden\" name=\"page_id\" value=\"50\"><input type=\"hidden\" name=\"form_type\" value=\"default\"><input type=\"hidden\" name=\"current_url\" value=\"http:\/\/lesdeuxtourssiorac.fr\/fr\/contact\/\"><input type=\"hidden\" name=\"render_id\" value=\"0\"><input type=\"hidden\" name=\"action\" value=\"forminator_submit_form_custom-forms\"><label for=\"input_12\" class=\"forminator-hidden\" aria-hidden=\"true\">Veuillez ne pas remplir ce champ. <input id=\"input_12\" type=\"text\" name=\"input_12\" value=\"\" autocomplete=\"off\"><\/label><\/form>\n<p>\n<\/div><div class=\"btClear btSeparator bottomSemiSpaced noBorder\" ><hr><\/div><\/div><\/div><\/div><\/div><\/div><div class=\"boldRow \" ><div class=\"boldRowInner\"><div class=\"rowItem col-md-8 col-ms-12 btTextLeft inherit\"  data-width=\"8\"><div class=\"rowItemContent\" background-color: rgba(241, 241, 241, 1); ><div class=\"rowItemContentInner\"><div class=\"btText\" ><\/p>\n<p><iframe loading=\"lazy\" style=\"border: 0;\" src=\"https:\/\/www.google.com\/maps\/embed?pb=!1m14!1m8!1m3!1d93200.21823772033!2d0.9615255716861382!3d44.82984695232503!3m2!1i1024!2i768!4f13.1!3m3!1m2!1s0x0%3A0x379d3a8dad9ac65e!2sLes+Deux+Tours!5e0!3m2!1sfr!2sfr!4v1553724753089\" width=\"100%\" height=\"400\" frameborder=\"0\" allowfullscreen=\"allowfullscreen\"><\/iframe><\/p>\n<p>\n<\/div><\/div><\/div><\/div><div class=\"rowItem col-md-4 col-ms-12 btTextLeft btTopVertical btDoublePadding\"  data-width=\"4\"><div class=\"rowItemContent\" background-color: rgba(241, 241, 241, 1); ><div class=\"rowItemContentInner\"><div class=\"servicesItem  btIcoAccentColorIcon btIcoMediumSizeIcon \"><div class=\"sIcon\"><span class=\"btIco btIcoMediumSize btIcoFilledType btIcoAccentColor\"><span  data-ico-s7=\"&#xe638;\" class=\"btIcoHolder\"><\/span><\/span><\/div><div class=\"sTxt\"><header class=\"header btClear medium\" ><div class=\"dash\"><h3><span class=\"headline\">Adresse<\/span><\/h3><\/div><\/header><p>177 Chemin de Barthalem<br \/><br\/>24170 Siorac-en-P\u00e9rigord<br \/><br\/>France, FR<\/p><\/div><\/div><div class=\"btClear btSeparator bottomSemiSpaced noBorder\" ><hr><\/div><div class=\"servicesItem  btIcoAccentColorIcon btIcoMediumSizeIcon \"><div class=\"sIcon\"><span class=\"btIco btIcoMediumSize btIcoFilledType btIcoAccentColor\"><span  data-ico-s7=\"&#xe63a;\" class=\"btIcoHolder\"><\/span><\/span><\/div><div class=\"sTxt\"><header class=\"header btClear medium\" ><div class=\"dash\"><h3><span class=\"headline\">Email<\/span><\/h3><\/div><\/header><p>contact@lesdeuxtourssiorac.fr<\/p><\/div><\/div><div class=\"btClear btSeparator bottomSemiSpaced noBorder\" ><hr><\/div><div class=\"servicesItem  btIcoAccentColorIcon btIcoMediumSizeIcon \"><div class=\"sIcon\"><span class=\"btIco btIcoMediumSize btIcoFilledType btIcoAccentColor\"><span  data-ico-s7=\"&#xe670;\" class=\"btIcoHolder\"><\/span><\/span><\/div><div class=\"sTxt\"><header class=\"header btClear medium\" ><div class=\"dash\"><h3><span class=\"headline\">+33(0)6 31 92 67 06<\/span><\/h3><\/div><\/header><p><\/p><\/div><\/div><\/div><\/div><\/div><\/div><\/div><\/div><\/div><\/div><\/section><\/p>\n","protected":false},"excerpt":{"rendered":"","protected":false},"author":1,"featured_media":0,"parent":0,"menu_order":0,"comment_status":"closed","ping_status":"closed","template":"","meta":{"footnotes":""},"class_list":["post-50","page","type-page","status-publish","hentry"],"yoast_head":"<!-- This site is optimized with the Yoast SEO plugin v27.5 - https:\/\/yoast.com\/product\/yoast-seo-wordpress\/ -->\n<title>Contact<\/title>\n<meta name=\"description\" content=\"Pour toute demande de r\u00e9servation ou de renseignements, vous pouvez nous contacter via ce formulaire.\" \/>\n<meta name=\"robots\" content=\"noindex, follow\" \/>\n<meta property=\"og:locale\" content=\"fr_FR\" \/>\n<meta property=\"og:type\" content=\"article\" \/>\n<meta property=\"og:title\" content=\"Contact\" \/>\n<meta property=\"og:description\" content=\"Pour toute demande de r\u00e9servation ou de renseignements, vous pouvez nous contacter via ce formulaire.\" \/>\n<meta property=\"og:url\" content=\"https:\/\/lesdeuxtourssiorac.fr\/fr\/contact\/\" \/>\n<meta property=\"og:site_name\" content=\"Les Deux Tours\" \/>\n<meta property=\"article:modified_time\" content=\"2025-03-28T08:42:17+00:00\" \/>\n<meta name=\"twitter:card\" content=\"summary_large_image\" \/>\n<meta name=\"twitter:label1\" content=\"Dur\u00e9e de lecture estim\u00e9e\" \/>\n\t<meta name=\"twitter:data1\" content=\"2 minutes\" \/>\n<script type=\"application\/ld+json\" class=\"yoast-schema-graph\">{\"@context\":\"https:\\\/\\\/schema.org\",\"@graph\":[{\"@type\":\"WebPage\",\"@id\":\"https:\\\/\\\/lesdeuxtourssiorac.fr\\\/contact\\\/\",\"url\":\"https:\\\/\\\/lesdeuxtourssiorac.fr\\\/contact\\\/\",\"name\":\"Contact\",\"isPartOf\":{\"@id\":\"https:\\\/\\\/lesdeuxtourssiorac.fr\\\/#website\"},\"datePublished\":\"2019-04-18T10:28:01+00:00\",\"dateModified\":\"2025-03-28T08:42:17+00:00\",\"description\":\"Pour toute demande de r\u00e9servation ou de renseignements, vous pouvez nous contacter via ce formulaire.\",\"breadcrumb\":{\"@id\":\"https:\\\/\\\/lesdeuxtourssiorac.fr\\\/contact\\\/#breadcrumb\"},\"inLanguage\":\"fr-FR\",\"potentialAction\":[{\"@type\":\"ReadAction\",\"target\":[\"https:\\\/\\\/lesdeuxtourssiorac.fr\\\/contact\\\/\"]}]},{\"@type\":\"BreadcrumbList\",\"@id\":\"https:\\\/\\\/lesdeuxtourssiorac.fr\\\/contact\\\/#breadcrumb\",\"itemListElement\":[{\"@type\":\"ListItem\",\"position\":1,\"name\":\"Accueil\",\"item\":\"https:\\\/\\\/lesdeuxtourssiorac.fr\\\/\"},{\"@type\":\"ListItem\",\"position\":2,\"name\":\"Contact\"}]},{\"@type\":\"WebSite\",\"@id\":\"https:\\\/\\\/lesdeuxtourssiorac.fr\\\/#website\",\"url\":\"https:\\\/\\\/lesdeuxtourssiorac.fr\\\/\",\"name\":\"Les Deux Tours\",\"description\":\"Chambres d'h&ocirc;tes\",\"potentialAction\":[{\"@type\":\"SearchAction\",\"target\":{\"@type\":\"EntryPoint\",\"urlTemplate\":\"https:\\\/\\\/lesdeuxtourssiorac.fr\\\/?s={search_term_string}\"},\"query-input\":{\"@type\":\"PropertyValueSpecification\",\"valueRequired\":true,\"valueName\":\"search_term_string\"}}],\"inLanguage\":\"fr-FR\"}]}<\/script>\n<!-- \/ Yoast SEO plugin. -->","yoast_head_json":{"title":"Contact","description":"Pour toute demande de r\u00e9servation ou de renseignements, vous pouvez nous contacter via ce formulaire.","robots":{"index":"noindex","follow":"follow"},"og_locale":"fr_FR","og_type":"article","og_title":"Contact","og_description":"Pour toute demande de r\u00e9servation ou de renseignements, vous pouvez nous contacter via ce formulaire.","og_url":"https:\/\/lesdeuxtourssiorac.fr\/fr\/contact\/","og_site_name":"Les Deux Tours","article_modified_time":"2025-03-28T08:42:17+00:00","twitter_card":"summary_large_image","twitter_misc":{"Dur\u00e9e de lecture estim\u00e9e":"2 minutes"},"schema":{"@context":"https:\/\/schema.org","@graph":[{"@type":"WebPage","@id":"https:\/\/lesdeuxtourssiorac.fr\/contact\/","url":"https:\/\/lesdeuxtourssiorac.fr\/contact\/","name":"Contact","isPartOf":{"@id":"https:\/\/lesdeuxtourssiorac.fr\/#website"},"datePublished":"2019-04-18T10:28:01+00:00","dateModified":"2025-03-28T08:42:17+00:00","description":"Pour toute demande de r\u00e9servation ou de renseignements, vous pouvez nous contacter via ce formulaire.","breadcrumb":{"@id":"https:\/\/lesdeuxtourssiorac.fr\/contact\/#breadcrumb"},"inLanguage":"fr-FR","potentialAction":[{"@type":"ReadAction","target":["https:\/\/lesdeuxtourssiorac.fr\/contact\/"]}]},{"@type":"BreadcrumbList","@id":"https:\/\/lesdeuxtourssiorac.fr\/contact\/#breadcrumb","itemListElement":[{"@type":"ListItem","position":1,"name":"Accueil","item":"https:\/\/lesdeuxtourssiorac.fr\/"},{"@type":"ListItem","position":2,"name":"Contact"}]},{"@type":"WebSite","@id":"https:\/\/lesdeuxtourssiorac.fr\/#website","url":"https:\/\/lesdeuxtourssiorac.fr\/","name":"Les Deux Tours","description":"Chambres d'h&ocirc;tes","potentialAction":[{"@type":"SearchAction","target":{"@type":"EntryPoint","urlTemplate":"https:\/\/lesdeuxtourssiorac.fr\/?s={search_term_string}"},"query-input":{"@type":"PropertyValueSpecification","valueRequired":true,"valueName":"search_term_string"}}],"inLanguage":"fr-FR"}]}},"_links":{"self":[{"href":"http:\/\/lesdeuxtourssiorac.fr\/fr\/wp-json\/wp\/v2\/pages\/50","targetHints":{"allow":["GET"]}}],"collection":[{"href":"http:\/\/lesdeuxtourssiorac.fr\/fr\/wp-json\/wp\/v2\/pages"}],"about":[{"href":"http:\/\/lesdeuxtourssiorac.fr\/fr\/wp-json\/wp\/v2\/types\/page"}],"author":[{"embeddable":true,"href":"http:\/\/lesdeuxtourssiorac.fr\/fr\/wp-json\/wp\/v2\/users\/1"}],"replies":[{"embeddable":true,"href":"http:\/\/lesdeuxtourssiorac.fr\/fr\/wp-json\/wp\/v2\/comments?post=50"}],"version-history":[{"count":14,"href":"http:\/\/lesdeuxtourssiorac.fr\/fr\/wp-json\/wp\/v2\/pages\/50\/revisions"}],"predecessor-version":[{"id":864,"href":"http:\/\/lesdeuxtourssiorac.fr\/fr\/wp-json\/wp\/v2\/pages\/50\/revisions\/864"}],"wp:attachment":[{"href":"http:\/\/lesdeuxtourssiorac.fr\/fr\/wp-json\/wp\/v2\/media?parent=50"}],"curies":[{"name":"wp","href":"https:\/\/api.w.org\/{rel}","templated":true}]}}