{"id":53,"date":"2019-04-18T12:32:31","date_gmt":"2019-04-18T10:32:31","guid":{"rendered":"http:\/\/www.lesdeuxtourssiorac.fr\/?page_id=53"},"modified":"2025-04-22T13:01:27","modified_gmt":"2025-04-22T11:01:27","slug":"politique-de-cookies","status":"publish","type":"page","link":"http:\/\/lesdeuxtourssiorac.fr\/fr\/politique-de-cookies\/","title":{"rendered":"Politique de cookies"},"content":{"rendered":"<section id=\"bt_section69f289e4603ea\"  class=\"boldSection topSemiSpaced bottomSpaced gutter inherit\" ><div class=\"port\"><div class=\"boldCell\"><div class=\"boldCellInner\"><div class=\"boldRow \" ><div class=\"boldRowInner\"><div class=\"rowItem col-md-12 col-ms-12  btTextLeft inherit\"  data-width=\"12\"><div class=\"rowItemContent\" ><div class=\"rowItemContentInner\"><div class=\"btText\" ><\/p>\n<h2>Qu\u2019est-ce qu\u2019un cookie ?<\/h2>\n<p>Un cookie est un fichier qui est t\u00e9l\u00e9charg\u00e9 sur votre terminal (ordinateur, smartphone, tablette\u2026) lorsque vous consultez certains sites web. Les cookies permettent notamment \u00e0 ces sites web de stocker et de r\u00e9cup\u00e9rer des informations concernant les habitudes de navigation de l\u2019utilisateur d&rsquo;un site ou de son \u00e9quipement puis, en fonction de ces informations, de le reconna\u00eetre.<\/p>\n<p>Toutefois, les donn\u00e9es obtenues sont restreintes. Elles concernent uniquement le nombre de pages visit\u00e9es, la ville o\u00f9 est localis\u00e9e l\u2019adresse IP de connexion au site web, la fr\u00e9quence et la r\u00e9currence des visites, la dur\u00e9e de la visite, le navigateur, l\u2019op\u00e9rateur ou le type de terminal \u00e0 partir duquel la visite est effectu\u00e9e. Des donn\u00e9es telles que le nom, le pr\u00e9nom de l\u2019utilisateur ou l&rsquo;adresse postale de connexion ne sont, en aucun cas, obtenues.<\/p>\n<h2>Les cookies utilis\u00e9s sur ce site web :<\/h2>\n<p>Les cookies utilis\u00e9s sur ce site web stockent un identifiant ou des instructions permettant de g\u00e9rer la navigation de l\u2019utilisateur sur notre site. Ils expirent pendant ou apr\u00e8s la session, ou apr\u00e8s un d\u00e9lai ne d\u00e9passant pas 13 mois, conform\u00e9ment aux recommandations de la CNIL.<\/p>\n<h2>Les cookies utilis\u00e9s sur ce site web permettent :<\/h2>\n<p><strong>de faciliter la navigation de l\u2019utilisateur sur notre site<\/strong><\/p>\n<ul>\n<li>en suivant sa navigation au cours de la session afin d\u2019assurer la qualit\u00e9 et la s\u00e9curit\u00e9 de la navigation sur le site ;<\/li>\n<li>en conservant les informations saisies dans les champs pr\u00e9vus \u00e0 cet effet lorsque l\u2019utilisateur change de page ;<\/li>\n<li>en permettant \u00e0 l\u2019utilisateur de rester sur le m\u00eame serveur h\u00f4te pendant toute la dur\u00e9e de sa session ;<\/li>\n<li>en redirigeant l\u2019utilisateur vers le site de la langue ou de la filiale correspondante au pays depuis lequel il semble se connecter ;<\/li>\n<li>en g\u00e9rant les pics de charge ;<\/li>\n<li>en permettant \u00e0 l\u2019utilisateur de rester connect\u00e9 \u00e0 certaines parties du site (par exemple aux syst\u00e8mes de commande) lors de sa navigation ;<\/li>\n<li>en masquant l\u2019information sur l\u2019utilisation des cookies du site lorsque l\u2019utilisateur a accept\u00e9 leur utilisation ;<\/li>\n<li>en prenant en compte le refus de l\u2019utilisateur quant \u00e0 l\u2019analyse des donn\u00e9es collect\u00e9es sur le site =&gt; checkbox.<\/li>\n<\/ul>\n<p><strong>d\u2019am\u00e9liorer nos services<\/strong><\/p>\n<ul>\n<li>en obtenant des donn\u00e9es statistiques anonymes de fr\u00e9quentation concernant l\u2019utilisation du site visit\u00e9 ;<\/li>\n<li>en permettant le suivi d\u2019un clic effectu\u00e9 dans une newsletter jusqu\u2019aux pages du site concern\u00e9 ;<\/li>\n<li>en identifiant les visiteurs du site qui proviendraient d&rsquo;une campagne digitale.<\/li>\n<\/ul>\n<h2>Cookies et traceurs tiers :<\/h2>\n<p>Il s\u2019agit de cookies ou de traceurs t\u00e9l\u00e9charg\u00e9s sur votre terminal par des entit\u00e9s tierces (partenaires, annonceurs\u2026) lorsque vous naviguez sur certaines pages de notre site.<\/p>\n<p>Ces entit\u00e9s se sont engag\u00e9es \u00e0 respecter la l\u00e9gislation en vigueur quant aux cookies\/traceurs et garantissent la mise en \u0153uvre de mesures de protection et de s\u00e9curisation des donn\u00e9es recueillies.<\/p>\n<p>Vous pouvez autoriser, bloquer ou supprimer les cookies install\u00e9s sur votre poste en param\u00e9trant les options de votre navigateur. Pour les navigateurs les plus courants, vous trouverez des indications via les liens suivants :<\/p>\n<ul>\n<li><a href=\"https:\/\/support.mozilla.org\/fr\/kb\/empecher-sites-enregistrer-preferences\" target=\"_blank\" rel=\"noopener\">Firefox<\/a><\/li>\n<li><a href=\"https:\/\/support.google.com\/accounts\/answer\/61416?hl=en\" target=\"_blank\" rel=\"noopener\">Chrome<\/a><\/li>\n<li><a href=\"http:\/\/windows.microsoft.com\/en-us\/windows-vista\/block-or-allow-cookies\" target=\"_blank\" rel=\"noopener\">Internet Explorer<\/a><\/li>\n<li><a href=\"http:\/\/help.opera.com\/Windows\/9.20\/en\/cookies.html\" target=\"_blank\" rel=\"noopener\">Opera<\/a><\/li>\n<li><a href=\"https:\/\/support.apple.com\/kb\/PH17191?locale=en_US&amp;viewlocale=en_US\" target=\"_blank\" rel=\"noopener\">Safari<\/a><\/li>\n<\/ul>\n<p>Enfin, nous tenons \u00e0 vous informer que la d\u00e9sactivation d\u2019un cookie pourrait emp\u00eacher ou rendre difficile la navigation ou la prestation des services propos\u00e9s sur notre site Internet.<\/p>\n<h2>Gestion des cookies :<\/h2>\n<p>Redemander le consentement des cookies : <a href=\"javascript:openAxeptioCookies()\"><br \/>\n  Cliquez-ici pour modifier vos pr\u00e9f\u00e9rences en mati\u00e8re de cookies<br \/>\n<\/a><\/p>\n<p>\n<\/div><\/div><\/div><\/div><\/div><\/div><\/div><\/div><\/div><\/section>\n","protected":false},"excerpt":{"rendered":"","protected":false},"author":1,"featured_media":0,"parent":0,"menu_order":0,"comment_status":"closed","ping_status":"closed","template":"","meta":{"footnotes":""},"class_list":["post-53","page","type-page","status-publish","hentry"],"yoast_head":"<!-- This site is optimized with the Yoast SEO plugin v27.5 - https:\/\/yoast.com\/product\/yoast-seo-wordpress\/ -->\n<title>Politique de cookies - Les Deux Tours<\/title>\n<meta name=\"robots\" content=\"noindex, nofollow\" \/>\n<meta property=\"og:locale\" content=\"fr_FR\" \/>\n<meta property=\"og:type\" content=\"article\" \/>\n<meta property=\"og:title\" content=\"Politique de cookies - Les Deux Tours\" \/>\n<meta property=\"og:url\" content=\"https:\/\/lesdeuxtourssiorac.fr\/fr\/politique-de-cookies\/\" \/>\n<meta property=\"og:site_name\" content=\"Les Deux Tours\" \/>\n<meta property=\"article:modified_time\" content=\"2025-04-22T11:01:27+00:00\" \/>\n<meta name=\"twitter:card\" content=\"summary_large_image\" \/>\n<meta name=\"twitter:label1\" content=\"Dur\u00e9e de lecture estim\u00e9e\" \/>\n\t<meta name=\"twitter:data1\" content=\"3 minutes\" \/>\n<script type=\"application\/ld+json\" class=\"yoast-schema-graph\">{\"@context\":\"https:\\\/\\\/schema.org\",\"@graph\":[{\"@type\":\"WebPage\",\"@id\":\"https:\\\/\\\/lesdeuxtourssiorac.fr\\\/politique-de-cookies\\\/\",\"url\":\"https:\\\/\\\/lesdeuxtourssiorac.fr\\\/politique-de-cookies\\\/\",\"name\":\"Politique de cookies - Les Deux Tours\",\"isPartOf\":{\"@id\":\"https:\\\/\\\/lesdeuxtourssiorac.fr\\\/#website\"},\"datePublished\":\"2019-04-18T10:32:31+00:00\",\"dateModified\":\"2025-04-22T11:01:27+00:00\",\"breadcrumb\":{\"@id\":\"https:\\\/\\\/lesdeuxtourssiorac.fr\\\/politique-de-cookies\\\/#breadcrumb\"},\"inLanguage\":\"fr-FR\",\"potentialAction\":[{\"@type\":\"ReadAction\",\"target\":[\"https:\\\/\\\/lesdeuxtourssiorac.fr\\\/politique-de-cookies\\\/\"]}]},{\"@type\":\"BreadcrumbList\",\"@id\":\"https:\\\/\\\/lesdeuxtourssiorac.fr\\\/politique-de-cookies\\\/#breadcrumb\",\"itemListElement\":[{\"@type\":\"ListItem\",\"position\":1,\"name\":\"Accueil\",\"item\":\"https:\\\/\\\/lesdeuxtourssiorac.fr\\\/\"},{\"@type\":\"ListItem\",\"position\":2,\"name\":\"Politique de cookies\"}]},{\"@type\":\"WebSite\",\"@id\":\"https:\\\/\\\/lesdeuxtourssiorac.fr\\\/#website\",\"url\":\"https:\\\/\\\/lesdeuxtourssiorac.fr\\\/\",\"name\":\"Les Deux Tours\",\"description\":\"Chambres d'h&ocirc;tes\",\"potentialAction\":[{\"@type\":\"SearchAction\",\"target\":{\"@type\":\"EntryPoint\",\"urlTemplate\":\"https:\\\/\\\/lesdeuxtourssiorac.fr\\\/?s={search_term_string}\"},\"query-input\":{\"@type\":\"PropertyValueSpecification\",\"valueRequired\":true,\"valueName\":\"search_term_string\"}}],\"inLanguage\":\"fr-FR\"}]}<\/script>\n<!-- \/ Yoast SEO plugin. -->","yoast_head_json":{"title":"Politique de cookies - Les Deux Tours","robots":{"index":"noindex","follow":"nofollow"},"og_locale":"fr_FR","og_type":"article","og_title":"Politique de cookies - Les Deux Tours","og_url":"https:\/\/lesdeuxtourssiorac.fr\/fr\/politique-de-cookies\/","og_site_name":"Les Deux Tours","article_modified_time":"2025-04-22T11:01:27+00:00","twitter_card":"summary_large_image","twitter_misc":{"Dur\u00e9e de lecture estim\u00e9e":"3 minutes"},"schema":{"@context":"https:\/\/schema.org","@graph":[{"@type":"WebPage","@id":"https:\/\/lesdeuxtourssiorac.fr\/politique-de-cookies\/","url":"https:\/\/lesdeuxtourssiorac.fr\/politique-de-cookies\/","name":"Politique de cookies - Les Deux Tours","isPartOf":{"@id":"https:\/\/lesdeuxtourssiorac.fr\/#website"},"datePublished":"2019-04-18T10:32:31+00:00","dateModified":"2025-04-22T11:01:27+00:00","breadcrumb":{"@id":"https:\/\/lesdeuxtourssiorac.fr\/politique-de-cookies\/#breadcrumb"},"inLanguage":"fr-FR","potentialAction":[{"@type":"ReadAction","target":["https:\/\/lesdeuxtourssiorac.fr\/politique-de-cookies\/"]}]},{"@type":"BreadcrumbList","@id":"https:\/\/lesdeuxtourssiorac.fr\/politique-de-cookies\/#breadcrumb","itemListElement":[{"@type":"ListItem","position":1,"name":"Accueil","item":"https:\/\/lesdeuxtourssiorac.fr\/"},{"@type":"ListItem","position":2,"name":"Politique de cookies"}]},{"@type":"WebSite","@id":"https:\/\/lesdeuxtourssiorac.fr\/#website","url":"https:\/\/lesdeuxtourssiorac.fr\/","name":"Les Deux Tours","description":"Chambres d'h&ocirc;tes","potentialAction":[{"@type":"SearchAction","target":{"@type":"EntryPoint","urlTemplate":"https:\/\/lesdeuxtourssiorac.fr\/?s={search_term_string}"},"query-input":{"@type":"PropertyValueSpecification","valueRequired":true,"valueName":"search_term_string"}}],"inLanguage":"fr-FR"}]}},"_links":{"self":[{"href":"http:\/\/lesdeuxtourssiorac.fr\/fr\/wp-json\/wp\/v2\/pages\/53","targetHints":{"allow":["GET"]}}],"collection":[{"href":"http:\/\/lesdeuxtourssiorac.fr\/fr\/wp-json\/wp\/v2\/pages"}],"about":[{"href":"http:\/\/lesdeuxtourssiorac.fr\/fr\/wp-json\/wp\/v2\/types\/page"}],"author":[{"embeddable":true,"href":"http:\/\/lesdeuxtourssiorac.fr\/fr\/wp-json\/wp\/v2\/users\/1"}],"replies":[{"embeddable":true,"href":"http:\/\/lesdeuxtourssiorac.fr\/fr\/wp-json\/wp\/v2\/comments?post=53"}],"version-history":[{"count":12,"href":"http:\/\/lesdeuxtourssiorac.fr\/fr\/wp-json\/wp\/v2\/pages\/53\/revisions"}],"predecessor-version":[{"id":889,"href":"http:\/\/lesdeuxtourssiorac.fr\/fr\/wp-json\/wp\/v2\/pages\/53\/revisions\/889"}],"wp:attachment":[{"href":"http:\/\/lesdeuxtourssiorac.fr\/fr\/wp-json\/wp\/v2\/media?parent=53"}],"curies":[{"name":"wp","href":"https:\/\/api.w.org\/{rel}","templated":true}]}}