{"id":868,"date":"2025-04-21T21:10:32","date_gmt":"2025-04-21T19:10:32","guid":{"rendered":"https:\/\/lesdeuxtourssiorac.fr\/?page_id=868"},"modified":"2025-04-21T21:36:40","modified_gmt":"2025-04-21T19:36:40","slug":"mentions-legales","status":"publish","type":"page","link":"http:\/\/lesdeuxtourssiorac.fr\/fr\/mentions-legales\/","title":{"rendered":"Mentions l\u00e9gales"},"content":{"rendered":"<section id=\"bt_section69f4cff3675b4\"  class=\"boldSection topSemiSpaced bottomSpaced gutter inherit\" ><div class=\"port\"><div class=\"boldCell\"><div class=\"boldCellInner\"><div class=\"boldRow \" ><div class=\"boldRowInner\"><div class=\"rowItem col-md-12 col-ms-12  btTextLeft\"  data-width=\"12\"><div class=\"rowItemContent\" ><div class=\"rowItemContentInner\"><div class=\"btText\" ><\/p>\n<h2>Mentions l\u00e9gales en vigueur au 01\/04\/2019<\/h2>\n<p>Conform\u00e9ment aux dispositions de la loi n\u00b02004-575 du 21 juin 2004 pour la Confiance en l\u2019\u00e9conomie num\u00e9rique, il est port\u00e9 \u00e0 la connaissance des utilisateurs et visiteurs, ci-apr\u00e8s l&rsquo;Utilisateur&rsquo;, du site lesdeuxtourssiorac.fr, ci-apr\u00e8s le &lsquo;Site&rsquo;, les pr\u00e9sentes mentions l\u00e9gales.<\/p>\n<p>La connexion et la navigation sur le Site par l\u2019Utilisateur implique acceptation int\u00e9grale et sans r\u00e9serve des pr\u00e9sentes mentions l\u00e9gales. Ces derni\u00e8res sont accessibles sur le Site \u00e0 la rubrique &lsquo;<a href=\"https:\/\/lesdeuxtourssiorac.fr\/mentions-legales\/\">Mentions l\u00e9gales<\/a>&lsquo;.<\/p>\n<h2>Edition du site :<\/h2>\n<p>L\u2019\u00e9dition et la direction de la publication du Site est assur\u00e9e par Monsieur Vincent Bellard, domicili\u00e9 177 Chemin de Barthalem, 24170 Siorac-en-P\u00e9rigord, dont le num\u00e9ro de t\u00e9l\u00e9phone est T\u00e9l. : 0631926706, et l&rsquo;adresse e-mail : contact@lesdeuxtourssiorac.fr.<\/p>\n<p>ci-apr\u00e8s l&rsquo;Editeur&rsquo;.<\/p>\n<h2>H\u00e9bergeur :<\/h2>\n<p>L&rsquo;h\u00e9bergeur du Site est la soci\u00e9t\u00e9 OVH, dont le si\u00e8ge social est situ\u00e9 au OVH Groupe SA \/ 2, rue Kellermann 59100 Roubaix. Le num\u00e9ro de t\u00e9l\u00e9phone de l&rsquo;h\u00e9bergeur est le 1007.<\/p>\n<h2>Acc\u00e8s au site :<\/h2>\n<p>Le Site est normalement accessible, \u00e0 tout moment, \u00e0 l&rsquo;Utilisateur. Toutefois, l&rsquo;Editeur pourra, \u00e0 tout moment, suspendre, limiter ou interrompre le Site afin de proc\u00e9der, notamment, \u00e0 des mises \u00e0 jour ou des modifications de son contenu. L&rsquo;Editeur ne pourra en aucun cas \u00eatre tenu responsable des cons\u00e9quences \u00e9ventuelles de cette indisponibilit\u00e9 sur les activit\u00e9s de l&rsquo;Utilisateur.<\/p>\n<p>Le Site assure \u00e0 l&rsquo;Utilisateur une collecte et un traitement des donn\u00e9es personnelles dans le respect de la vie priv\u00e9e conform\u00e9ment \u00e0 la loi n\u00b078-17 du 6 janvier 1978 relative \u00e0 l&rsquo;informatique, aux fichiers aux libert\u00e9s et dans le respect de la r\u00e8glementation applicable en mati\u00e8re de traitement des donn\u00e9es \u00e0 caract\u00e8re personnel conform\u00e9ment au r\u00e8glement (UE) 2016\/679 du Parlement europ\u00e9en et du Conseil du 27 avril 2016 (ci-apr\u00e8s, ensemble, la &lsquo;R\u00e8glementation applicable en mati\u00e8re de protection des Donn\u00e9es \u00e0 caract\u00e8re personnel&rsquo;).<\/p>\n<p>En vertu de la R\u00e8glementation applicable en mati\u00e8re de protection des Donn\u00e9es \u00e0 caract\u00e8re personnel, l&rsquo;Utilisateur dispose d&rsquo;un droit d&rsquo;acc\u00e8s, de rectification, de suppression et d&rsquo;opposition de ses donn\u00e9es personnelles. L&rsquo;Utilisateur peut exercer ce droit :<\/p>\n<ul>\n<li>par mail \u00e0 l&rsquo;adresse email : contact@lesdeuxtourssiorac.fr<\/li>\n<li>par voie postale : 177 Chemin de Barthalem, 24170 Siorac-en-P\u00e9rigord<\/li>\n<li>depuis le formulaire de contact : <a href=\"https:\/\/lesdeuxtourssiorac.fr\/contact\/\" target=\"_blank\" rel=\"noopener\">https:\/\/lesdeuxtourssiorac.fr\/contact\/<\/a><\/li>\n<\/ul>\n<p>Toute utilisation, reproduction, diffusion, commercialisation, modification de toute ou partie du Site, sans autorisation expresse de l\u2019Editeur est prohib\u00e9e et pourra entra\u00eener des actions et poursuites judiciaires telles que pr\u00e9vues par la r\u00e8glementation en vigueur.<\/p>\n<p>Pour plus d&rsquo;informations en mati\u00e8re de cookies, se reporter \u00e0 la <a href=\"https:\/\/lesdeuxtourssiorac.fr\/politique-de-cookies\/\" target=\"_blank\" rel=\"noopener\">Charte en mati\u00e8re de cookies<\/a>.<\/p>\n<p>Pour plus d\u2019informations, se reporter \u00e0 la source <a href=\"https:\/\/lesdeuxtourssiorac.fr\/politique-de-confidentialite\/\" target=\"_blank\" rel=\"noopener\">Politique de confidentialit\u00e9<\/a>.<\/p>\n<p>\n<\/div><\/div><\/div><\/div><\/div><\/div><\/div><\/div><\/div><\/section>\n","protected":false},"excerpt":{"rendered":"","protected":false},"author":1,"featured_media":0,"parent":0,"menu_order":0,"comment_status":"closed","ping_status":"closed","template":"","meta":{"footnotes":""},"class_list":["post-868","page","type-page","status-publish","hentry"],"yoast_head":"<!-- This site is optimized with the Yoast SEO plugin v27.5 - https:\/\/yoast.com\/product\/yoast-seo-wordpress\/ -->\n<title>Mentions l\u00e9gales - Les Deux Tours<\/title>\n<meta name=\"robots\" content=\"noindex, nofollow\" \/>\n<meta property=\"og:locale\" content=\"fr_FR\" \/>\n<meta property=\"og:type\" content=\"article\" \/>\n<meta property=\"og:title\" content=\"Mentions l\u00e9gales - Les Deux Tours\" \/>\n<meta property=\"og:url\" content=\"https:\/\/lesdeuxtourssiorac.fr\/fr\/mentions-legales\/\" \/>\n<meta property=\"og:site_name\" content=\"Les Deux Tours\" \/>\n<meta property=\"article:modified_time\" content=\"2025-04-21T19:36:40+00:00\" \/>\n<meta name=\"twitter:card\" content=\"summary_large_image\" \/>\n<meta name=\"twitter:label1\" content=\"Dur\u00e9e de lecture estim\u00e9e\" \/>\n\t<meta name=\"twitter:data1\" content=\"3 minutes\" \/>\n<script type=\"application\/ld+json\" class=\"yoast-schema-graph\">{\"@context\":\"https:\\\/\\\/schema.org\",\"@graph\":[{\"@type\":\"WebPage\",\"@id\":\"https:\\\/\\\/lesdeuxtourssiorac.fr\\\/mentions-legales\\\/\",\"url\":\"https:\\\/\\\/lesdeuxtourssiorac.fr\\\/mentions-legales\\\/\",\"name\":\"Mentions l\u00e9gales - Les Deux Tours\",\"isPartOf\":{\"@id\":\"https:\\\/\\\/lesdeuxtourssiorac.fr\\\/#website\"},\"datePublished\":\"2025-04-21T19:10:32+00:00\",\"dateModified\":\"2025-04-21T19:36:40+00:00\",\"breadcrumb\":{\"@id\":\"https:\\\/\\\/lesdeuxtourssiorac.fr\\\/mentions-legales\\\/#breadcrumb\"},\"inLanguage\":\"fr-FR\",\"potentialAction\":[{\"@type\":\"ReadAction\",\"target\":[\"https:\\\/\\\/lesdeuxtourssiorac.fr\\\/mentions-legales\\\/\"]}]},{\"@type\":\"BreadcrumbList\",\"@id\":\"https:\\\/\\\/lesdeuxtourssiorac.fr\\\/mentions-legales\\\/#breadcrumb\",\"itemListElement\":[{\"@type\":\"ListItem\",\"position\":1,\"name\":\"Accueil\",\"item\":\"https:\\\/\\\/lesdeuxtourssiorac.fr\\\/\"},{\"@type\":\"ListItem\",\"position\":2,\"name\":\"Mentions l\u00e9gales\"}]},{\"@type\":\"WebSite\",\"@id\":\"https:\\\/\\\/lesdeuxtourssiorac.fr\\\/#website\",\"url\":\"https:\\\/\\\/lesdeuxtourssiorac.fr\\\/\",\"name\":\"Les Deux Tours\",\"description\":\"Chambres d'h&ocirc;tes\",\"potentialAction\":[{\"@type\":\"SearchAction\",\"target\":{\"@type\":\"EntryPoint\",\"urlTemplate\":\"https:\\\/\\\/lesdeuxtourssiorac.fr\\\/?s={search_term_string}\"},\"query-input\":{\"@type\":\"PropertyValueSpecification\",\"valueRequired\":true,\"valueName\":\"search_term_string\"}}],\"inLanguage\":\"fr-FR\"}]}<\/script>\n<!-- \/ Yoast SEO plugin. -->","yoast_head_json":{"title":"Mentions l\u00e9gales - Les Deux Tours","robots":{"index":"noindex","follow":"nofollow"},"og_locale":"fr_FR","og_type":"article","og_title":"Mentions l\u00e9gales - Les Deux Tours","og_url":"https:\/\/lesdeuxtourssiorac.fr\/fr\/mentions-legales\/","og_site_name":"Les Deux Tours","article_modified_time":"2025-04-21T19:36:40+00:00","twitter_card":"summary_large_image","twitter_misc":{"Dur\u00e9e de lecture estim\u00e9e":"3 minutes"},"schema":{"@context":"https:\/\/schema.org","@graph":[{"@type":"WebPage","@id":"https:\/\/lesdeuxtourssiorac.fr\/mentions-legales\/","url":"https:\/\/lesdeuxtourssiorac.fr\/mentions-legales\/","name":"Mentions l\u00e9gales - Les Deux Tours","isPartOf":{"@id":"https:\/\/lesdeuxtourssiorac.fr\/#website"},"datePublished":"2025-04-21T19:10:32+00:00","dateModified":"2025-04-21T19:36:40+00:00","breadcrumb":{"@id":"https:\/\/lesdeuxtourssiorac.fr\/mentions-legales\/#breadcrumb"},"inLanguage":"fr-FR","potentialAction":[{"@type":"ReadAction","target":["https:\/\/lesdeuxtourssiorac.fr\/mentions-legales\/"]}]},{"@type":"BreadcrumbList","@id":"https:\/\/lesdeuxtourssiorac.fr\/mentions-legales\/#breadcrumb","itemListElement":[{"@type":"ListItem","position":1,"name":"Accueil","item":"https:\/\/lesdeuxtourssiorac.fr\/"},{"@type":"ListItem","position":2,"name":"Mentions l\u00e9gales"}]},{"@type":"WebSite","@id":"https:\/\/lesdeuxtourssiorac.fr\/#website","url":"https:\/\/lesdeuxtourssiorac.fr\/","name":"Les Deux Tours","description":"Chambres d'h&ocirc;tes","potentialAction":[{"@type":"SearchAction","target":{"@type":"EntryPoint","urlTemplate":"https:\/\/lesdeuxtourssiorac.fr\/?s={search_term_string}"},"query-input":{"@type":"PropertyValueSpecification","valueRequired":true,"valueName":"search_term_string"}}],"inLanguage":"fr-FR"}]}},"_links":{"self":[{"href":"http:\/\/lesdeuxtourssiorac.fr\/fr\/wp-json\/wp\/v2\/pages\/868","targetHints":{"allow":["GET"]}}],"collection":[{"href":"http:\/\/lesdeuxtourssiorac.fr\/fr\/wp-json\/wp\/v2\/pages"}],"about":[{"href":"http:\/\/lesdeuxtourssiorac.fr\/fr\/wp-json\/wp\/v2\/types\/page"}],"author":[{"embeddable":true,"href":"http:\/\/lesdeuxtourssiorac.fr\/fr\/wp-json\/wp\/v2\/users\/1"}],"replies":[{"embeddable":true,"href":"http:\/\/lesdeuxtourssiorac.fr\/fr\/wp-json\/wp\/v2\/comments?post=868"}],"version-history":[{"count":4,"href":"http:\/\/lesdeuxtourssiorac.fr\/fr\/wp-json\/wp\/v2\/pages\/868\/revisions"}],"predecessor-version":[{"id":881,"href":"http:\/\/lesdeuxtourssiorac.fr\/fr\/wp-json\/wp\/v2\/pages\/868\/revisions\/881"}],"wp:attachment":[{"href":"http:\/\/lesdeuxtourssiorac.fr\/fr\/wp-json\/wp\/v2\/media?parent=868"}],"curies":[{"name":"wp","href":"https:\/\/api.w.org\/{rel}","templated":true}]}}